{"id":97,"date":"2023-04-11T18:24:01","date_gmt":"2023-04-11T16:24:01","guid":{"rendered":"https:\/\/ambasciatapraga.esteri.it\/?page_id=97"},"modified":"2023-09-26T15:13:29","modified_gmt":"2023-09-26T12:13:29","slug":"fare-affari-in-italia","status":"publish","type":"page","link":"https:\/\/ambaddisabeba.esteri.it\/it\/italia-ed-etiopia\/diplomazia-economica\/fare-affari-in-italia\/","title":{"rendered":"Fare affari in Italia"},"content":{"rendered":"<p><strong>L&#8217;Italia \u00e8 la terza economia dell&#8217;Unione Europea e l&#8217;ottava al mondo<\/strong> per valore del prodotto interno lordo (PIL).<br \/>\nL&#8217;Italia \u00e8 un membro fondatore dell&#8217;Unione Europea, dell&#8217;Eurozona, dell&#8217;OCSE, del G7 e del G20 ed \u00e8 il decimo esportatore al mondo, con piu&#8217; di 600 miliardi di euro di esportazioni nel 2019.<\/p>\n<p>Il paese ha stretti legami commerciali con il resto dell&#8217;Unione Europea, con cui intrattiene circa il 59% del suo commercio totale.<br \/>\nGli italiani godono di uno standard di vita elevato e il paese si trova all&#8217;ottavo posto nella classifica sulla qualita\u2019 della vita (fonte: Economist).<\/p>\n<p>L&#8217;Italia produce e esporta macchinari, veicoli, prodotti farmaceutici, d\u2019arredamento, alimentari, abbigliamento e robot.<br \/>\nIl paese \u00e8 anche noto per un innovativo settore commerciale, un settore agricolo industrioso e competitivo (l&#8217;Italia \u00e8 il maggiore produttore di vino al mondo), e per la produzione di prodotti di alta qualit\u00e0 e design, tra cui automobili, navi, elettrodomestici e alta moda.<\/p>\n<p>L&#8217;Italia \u00e8 il pi\u00f9 grande centro economico per i <strong>beni di lusso<\/strong> in Europa e il terzo a livello globale.<\/p>\n<p>Il cosiddetto \u201cMade in Italy\u201d non \u00e8 solo costituito dalla moda, dai prodotti alimentari e dall\u2019arredamento: i prodotti metalmeccanici, farmaceutici e di alta tecnologia sono in continua crescita e sono diventati importanti industrie nazionali.<\/p>\n<p>Situata nel cuore del mediterraneo, l\u2019Italia rappresenta uno <strong>snodo cruciale per i collegamenti stradali, marittimi ed aerei<\/strong> tra il Nord ed il Sud d\u2019Europa. Il mercato italiano offre inoltre innumerevoli opportunit\u00e0 alle imprese in espansione, con 67 milioni di consumatori.<\/p>\n<p>Nel paese esistono numerosi <strong>incentivi finanziari<\/strong> volti ad aumentare l&#8217;attrattivita\u2019 degli investimenti esteri, incoraggiando la ricerca e lo sviluppo e la promozione della crescita di nuove imprese. Gli investimenti esteri in Italia sono pari a 30 miliardi di euro. La legislazione sostiene inoltre un ecosistema di start-up innovative e ad alto contenuto tecnologico. Sovvenzioni statali e garanzie sui prestiti sono disponibili per chi voglia espandere la sua attivita\u2019 e acquistare nuovi macchinari, impianti o attrezzature.<\/p>\n<p>L&#8217;Italia offre un ambiente di <strong>ricerca e sviluppo<\/strong> al&#8217;avanguardia, con investimenti pari a 20 miliardi di euro, che collocano il paese al quarto posto in Europa. I ricercatori italiani sono inoltre i pi\u00f9 produttivi al mondo per numero di articoli pubblicati.<\/p>\n<p>La <strong>produzione manifatturiera<\/strong> \u00e8 sempre stata la forza trainante dell\u2019economia italiana, anche verso l\u2019innovazione tecnologica: il 25% delle imprese del settore impiega infatti la robotica nei suoi processi produttivi. Ma sono sia il settore aerospaziale che quello della biotecnologia a registrare la crescita piu\u2019 forte, sia degli investimenti che del fatturato.<\/p>\n<p>Le principali societ\u00e0 del paese sono tra le altre: Fiat Chrysler Automobiles, Ducati, Piaggio, Pirelli, Enel, Edison, Eni, De&#8217;Longhi, Leonardo, Telespazio, Beretta, Armani, Versace, Dolce &amp; Gabbana, Gucci, Benetton, Diesel, Prada, Luxottica, Ferrero, Barilla, Lavazza, Campari, Parmalat, Prysmian, Salini Impregilo, Ferrari, Maserati, Lamborghini, Fincantieri.<\/p>\n<p>L&#8217;Italia ha un gran numero di <strong>piccole e medie imprese<\/strong>, molte delle quali sono raggruppate in cluster, e rappresentano la spina dorsale dell&#8217;industria italiana. Il settore manifatturiero punta perloppiu&#8217; all&#8217;export di prodotti di nicchia e di lusso. Mentre nel nord-ovest, nel &#8220;triangolo industriale&#8221; (Milano-Torino-Genova), esiste un&#8217;area di intensa produzione di macchinari, navi, veicoli, e per l\u2019aerospazio, l\u2019area del nord-est si basa su piccole e medie imprese specializzate nella produzione di macchinari, abbigliamento, prodotti in pelle, calzature, mobili, tessuti, macchine utensili, pezzi di ricambio, elettrodomestici, gioielli e veicoli di lusso.<\/p>\n<p>L&#8217;Italia occupa il nono posto al mondo come paese produttore di <strong>energie rinnovabili<\/strong>. Il paese \u00e8 anche il quinto produttore mondiale di energia solare. Le fonti rinnovabili rappresentano il 27,5% dell&#8217;elettricit\u00e0 prodotta in Italia. L&#8217;Italia \u00e8 inoltre famosa per il marmo, in particolare il famoso marmo bianco di Carrara, ed \u00e8 stato il primo Paese al mondo a costruire autostrade, a partire dal 1926.<\/p>\n<p>La <strong>rete ferroviaria<\/strong> italiana e\u2019 molto estesa e comprende 16.862 km di binari, il 69% dei quali e\u2019 elettrificato. A partire dagli Anni Settanta si e\u2019 sviluppata anche una rete di treni superveloci, che possono raggiunge i 400 chilometri l\u2019ora. Il paese occupa una posizione strategica rispetto ai principali corridoi europei, rendendo diversi centri come Milano e Verona importanti nodi di interscambio commerciale e logistico a livello internazionale.<\/p>\n<p>Ci sono circa 130 <strong>aeroporti<\/strong> in Italia, e 43 importanti <strong>porti marittimi<\/strong> tra cui il Porto di Genova, il pi\u00f9 grande del Paese e il terzo pi\u00f9 trafficato per tonnellaggio da carico nel Mar Mediterraneo. I porti italiani stanno assumendo un ruolo sempre piu\u2019 importante per gli interscambi tra l&#8217;Europa e il resto del mondo e controllano il 20% del traffico marittimo mondiale. In particolare, il porto di Trieste \u00e8 obiettivo di investimenti sia italiani, asiatici e europei.<br \/>\nEsiste anche una considerevole rete interna navigabile, pari a 1.500 chilometri di fiumi e canali.<\/p>\n<p>&nbsp;<\/p>\n<hr \/>\n<h3><\/h3>\n<h3>Opportunit\u00e0 di investimento<\/h3>\n<p>Invitalia agisce su mandato del Governo con lo scopo\u00a0di promuovere opportunit\u00e0 imprenditoriali interessanti. Rappresenta il referente unico per gli investitori stranieri che desiderano creare o espandere la propria impresa in Italia, fornendo un&#8217;ampia gamma di servizi in ogni fase dell&#8217;investimento.<\/p>\n<p>Nel <a target=\"_blank\" title=\"Vai al sito web di Invitalia\" href=\"https:\/\/www.invitalia.it\/\" rel=\"noopener\"><strong>sito di\u00a0Invitalia<\/strong><\/a> gli investitori stranieri possono trovare tutte le informazioni utili per cogliere le opportunit\u00e0 di investimento pi\u00f9 vantaggiose per creare o espandere la propria impresa in Italia.<\/p>\n<p>&nbsp;<\/p>\n<hr \/>\n<h3><\/h3>\n<h3>Investimenti immobiliari<\/h3>\n<div>\n<p><a href=\"https:\/\/www.investinitalyrealestate.com\/en\/\" target=\"_blank\" rel=\"noopener\"><strong>Investinitalyrealestate.com<\/strong><\/a> \u00e8 un portale dedicato alla presentazione di offerte di investimento in immobili pubblici, di societ\u00e0 partecipate pubbliche o partecipate pubblico-privato, destinate ad operatori italiani ed esteri.<\/p>\n<p>\u00c8 uno strumento attraverso cui poter favorire, in forma semplice e trasparente, l\u2019interazione tra la domanda di investimenti professionali e le opportunit\u00e0 di investimento immobiliare qualificate che sono state selezionate nel patrimonio pubblico italiano tra le pi\u00f9 rilevanti in termini di localizzazione, tipologia e dimensione.<\/p>\n<p>Il portale propone opportunit\u00e0 di investimento diversificate, suddivise in due macro-categorie:<\/p>\n<ul>\n<li>da un lato immobili pronti per una valorizzazione gi\u00e0 definita, come palazzi storici idonei ad essere trasformati in uffici di prestigio o alberghi di \u201ccharme\u201d;<\/li>\n<li>dall\u2019altro operazioni di sviluppo immobiliare \u2013 ad esempio immobili da trasformare o aree da edificare \u2013 la cui valorizzazione potr\u00e0 essere orientata, verso le soluzioni pi\u00f9 adeguate e sostenibili, attraverso il confronto con il mercato dei potenziali utilizzatori e investitori.<\/li>\n<\/ul>\n<p>Gli immobili sono proposti in vendita o in concessione a lungo termine. Le procedure di dismissione, indicate sulla scheda di ciascun immobile presente nel sito, prevedono la cosiddetta \u201ctrattativa privata\u201d o l\u2019assegnazione tramite bando pubblico.<\/p>\n<p>Per ulteriori informazioni su come investire in Italia <a href=\"http:\/\/www.investinitaly.com\">www.investinitaly.com<\/a><\/p>\n<\/div>\n","protected":false},"excerpt":{"rendered":"L&#8217;Italia \u00e8 la terza economia dell&#8217;Unione Europea e l&#8217;ottava al mondo per valore del prodotto interno lordo (PIL). L&#8217;Italia \u00e8 un membro fondatore dell&#8217;Unione Europea, dell&#8217;Eurozona, dell&#8217;OCSE, del G7 e del G20 ed \u00e8 il decimo esportatore al mondo, con piu&#8217; di 600 miliardi di euro di esportazioni nel 2019. Il paese ha stretti legami [&hellip;]","protected":false},"author":1,"featured_media":0,"parent":43,"menu_order":0,"comment_status":"closed","ping_status":"closed","template":"","meta":{"footnotes":""},"class_list":["post-97","page","type-page","status-publish","hentry"],"_links":{"self":[{"href":"https:\/\/ambaddisabeba.esteri.it\/it\/wp-json\/wp\/v2\/pages\/97","targetHints":{"allow":["GET"]}}],"collection":[{"href":"https:\/\/ambaddisabeba.esteri.it\/it\/wp-json\/wp\/v2\/pages"}],"about":[{"href":"https:\/\/ambaddisabeba.esteri.it\/it\/wp-json\/wp\/v2\/types\/page"}],"author":[{"embeddable":true,"href":"https:\/\/ambaddisabeba.esteri.it\/it\/wp-json\/wp\/v2\/users\/1"}],"replies":[{"embeddable":true,"href":"https:\/\/ambaddisabeba.esteri.it\/it\/wp-json\/wp\/v2\/comments?post=97"}],"version-history":[{"count":4,"href":"https:\/\/ambaddisabeba.esteri.it\/it\/wp-json\/wp\/v2\/pages\/97\/revisions"}],"predecessor-version":[{"id":817,"href":"https:\/\/ambaddisabeba.esteri.it\/it\/wp-json\/wp\/v2\/pages\/97\/revisions\/817"}],"up":[{"embeddable":true,"href":"https:\/\/ambaddisabeba.esteri.it\/it\/wp-json\/wp\/v2\/pages\/43"}],"wp:attachment":[{"href":"https:\/\/ambaddisabeba.esteri.it\/it\/wp-json\/wp\/v2\/media?parent=97"}],"curies":[{"name":"wp","href":"https:\/\/api.w.org\/{rel}","templated":true}]}}