{"id":89,"date":"2023-04-11T18:22:07","date_gmt":"2023-04-11T16:22:07","guid":{"rendered":"https:\/\/ambasciatapraga.esteri.it\/?page_id=89"},"modified":"2025-12-05T17:03:17","modified_gmt":"2025-12-05T14:03:17","slug":"visti","status":"publish","type":"page","link":"https:\/\/ambaddisabeba.esteri.it\/it\/servizi-consolari-e-visti\/servizi-per-il-cittadino-straniero\/visti\/","title":{"rendered":"Visti"},"content":{"rendered":"<p>Per cominciare, \u00e8 utile verificare i requisiti richiesti per un visto d\u2019ingresso in Italia a seconda delle esigenze. Visita la pagina <a href=\"http:\/\/vistoperitalia.esteri.it\/home\/it\">vistoperitalia.esteri.it<\/a> o clicca sul link sottostante per raccogliere tutte le informazioni necessarie in merito alle regole generali e le istruzioni pratiche per l\u2019ottenimento del visto per l\u2019Italia:<\/p>\n<p style=\"text-align: center;\"><a href=\"http:\/\/vistoperitalia.esteri.it\/\"><img decoding=\"async\" src=\"https:\/\/ambaddisabeba.esteri.it\/wp-content\/uploads\/2023\/10\/do_you_need_visa.png\" width=\"300\" \/><\/a><\/p>\n<p><strong>IMPORTANTE!<\/strong><\/p>\n<ul>\n<li>In applicazione della\u00a0<a href=\"https:\/\/ambaddisabeba.esteri.it\/it\/news\/dall_ambasciata\/2024\/06\/applicazione-della-disposizione-dellarticolo-25a-del-codice-dei-visti-schengen-per-i-cittadini-etiopi\/\">Decisione di esecuzione (UE) 2024\/1341 del Consiglio del 29 aprile 2024<\/a>, che sospende alcuni articoli del Codice Visti per i cittadini etiopi, si\u00a0attira l\u2019attenzione dell\u2019utenza sulla necessit\u00e0 di presentare tassativamente la domanda di visto e tutta la documentazione a supporto non meno di 45 giorni prima della partenza prevista. Si ricorda inoltre che in base all\u2019articolo 9 del Codice Visti le domande di visto possono essere presentate fino a sei mesi prima dell&#8217;inizio del viaggio previsto.<\/li>\n<li>Non sono accettate domande di visto presentate per conto di terzi. I richiedenti che intendono presentare una domanda di visto sono tenuti a presentarsi di persona nel giorno del proprio appuntamento, con copia cartacea del\u00a0<a href=\"https:\/\/e-applicationvisa.esteri.it\/?L=en-US\" target=\"_blank\" rel=\"noopener\">formulario per la domanda<\/a>\u00a0debitamente compilato e firmato, unitamente a tutta la\u00a0documentazione a corredo, e dovranno rilasciare le proprie\u00a0<strong>impronte digitali<\/strong>\u00a0(laddove previsto).<\/li>\n<li>Le seguenti categorie di richiedenti sono esentate dall\u2019obbligo di rilevamento delle impronte digitali:\n<ul>\n<li>bambini di et\u00e0 inferiore ai dodici anni;<\/li>\n<li>le persone per le quali \u00e8 fisicamente impossibile rilevarle;<\/li>\n<li>i Capi di Stato o di Governo ed i membri dei Governi nazionali, accompagnati dalle\/dai consorti, i membri della loro delegazione ufficiale quando sono invitati dai Governi degli Stati membri o da organizzazioni internazionali in visita ufficiale.<\/li>\n<\/ul>\n<\/li>\n<li>Non vi \u00e8 alcun diritto soggettivo del richiedente all\u2019ottenimento del visto. La decisione finale sul rilascio del visto \u00e8 di esclusiva competenza dell\u2019Ambasciata d\u2019Italia.<\/li>\n<li>L\u2019Ambasciata d\u2019Italia ad Addis Abeba si avvale esclusivamente del servizio di esternalizzazione dei servizi VFS Global. Si consiglia di NON avvalersi di intermediari e\/o agenzie per la prenotazione degli appuntamenti e per l\u2019istruzione della pratica di richiesta visto. L\u2019Ambasciata d\u2019Italia desidera evidenziare che <strong>non vi \u00e8 alcun collegamento tra l\u2019Ambasciata stessa e tali siti web, agenzie o individui<\/strong> e si riserva il diritto di intraprendere le eventuali azioni legali del caso.<\/li>\n<\/ul>\n<p>&nbsp;<\/p>\n<p><strong>MODULISTICA PER LE DOMANDE DI VISTO E DOCUMENTI DA PRESENTARE<\/strong><\/p>\n<p>La documentazione da allegare alla domanda di visto \u00e8 elencata in dettaglio nelle pagine di seguito indicate:<\/p>\n<ul>\n<li><a href=\"https:\/\/ambaddisabeba.esteri.it\/it\/servizi-consolari-e-visti\/servizi-per-il-cittadino-straniero\/visti\/visto-di-breve-durata\/\"><strong>Visto di breve durata<\/strong><\/a>, che include le seguenti categorie di visto:\n<ul>\n<li>Visto per turismo<\/li>\n<li>Visto per affari<\/li>\n<li>Visto per gara sportiva<\/li>\n<li>Visto per cure mediche<\/li>\n<li>Visto per missione ufficiale<\/li>\n<\/ul>\n<\/li>\n<\/ul>\n<ul>\n<li><a href=\"https:\/\/ambaddisabeba.esteri.it\/it\/servizi-consolari-e-visti\/servizi-per-il-cittadino-straniero\/visti\/visto-di-lunga-durata\/\"><strong>Visto di lunga durata<\/strong><\/a>, che include le seguenti categorie di visto:\n<ul>\n<li>Visto per studio<\/li>\n<li>Visto per lavoro subordinato<\/li>\n<\/ul>\n<\/li>\n<\/ul>\n<p>Il formulario e tutti i documenti a supporto della domanda di visto devono essere presentati in forma cartacea al momento dell\u2019appuntamento. I documenti inviati via e-mail o fax non saranno presi in considerazione.<\/p>\n<p>Assicuratevi di essere in grado di presentare tutti i documenti necessari il giorno dell\u2019appuntamento.<\/p>\n<p>I richiedenti sono pregati di presentare sia i documenti in originale che una copia degli stessi.<\/p>\n<p>In casi particolari l\u2019ambasciata si avvale del diritto di richiedere ulteriore documentazione a supporto.<\/p>\n<p>&nbsp;<\/p>\n<p><strong>COSA DEVO FARE PER RICHIEDERE IL MIO VISTO?<\/strong><\/p>\n<p><strong>Il Visa Application Centre (VAC) del VFS Global \u00e8 il partner esterno dell\u2019Ambasciata d\u2019Italia ad Addis Abeba incaricato di acquisire le domande di visto di breve durata (visti Schengen fino a 90 giorni). <\/strong>Il servizio \u00e8 disponibile per i residenti nei tre Paesi di accreditamento dell\u2019Ambasciata d\u2019Italia: Etiopia, Gibuti e Sud Sudan.<\/p>\n<p>E&#8217; possibile prenotare gli appuntamenti online 24 ore su 24 attraverso la piattaforma di prenotazione VFS: <a href=\"https:\/\/visa.vfsglobal.com\/eth\/en\/ita\/\">https:\/\/visa.vfsglobal.com\/eth\/en\/ita\/<\/a>.<\/p>\n<p>Qualora non vi fossero appuntamenti disponibili, il VFS offre la possibilit\u00e0 di presentare domanda anche senza appuntamento, attraverso il sistema \u201cwalk-in\u2019\u2019.<\/p>\n<p>Di seguito i recapiti dell\u2019agenzia:<\/p>\n<p>&nbsp;<\/p>\n<ul>\n<li><strong>Indirizzo:\u00a0<\/strong><i>Haimi Apartment Hotel<\/i>\u00a0(primo piano, Home number 74), Bole Sub City, Woreda 3, Addis Abeba, Etiopia<\/li>\n<\/ul>\n<p style=\"text-align: center;\"><iframe loading=\"lazy\" tabindex=\"0\" src=\"https:\/\/www.google.com\/maps\/embed?pb=!1m18!1m12!1m3!1d13254.777212078256!2d38.780639359084766!3d9.002587806877296!2m3!1f0!2f0!3f0!3m2!1i1024!2i768!4f13.1!3m3!1m2!1s0x164b8503f454ee01%3A0x2a5f99837586590b!2sHaimi%20Hotel!5e0!3m2!1sit!2sna!4v1603192424285!5m2!1sit!2sna\" width=\"600\" height=\"450\" seamless=\"seamless\" allowfullscreen=\"allowfullscreen\" aria-hidden=\"false\" data-mce-fragment=\"1\"><\/iframe><\/p>\n<ul>\n<li><strong>Orario<\/strong>: l\u2019agenzia \u00e8 operativa dal luned\u00ec al venerd\u00ec, dalle 8:00 alle 15:00.<\/li>\n<li><strong>Tel:<\/strong>\u00a0+251 960 43 7204 (dalle 08:00 alle 15:00).<\/li>\n<li><strong>Email:<\/strong>\u00a0<a href=\"mailto:info.italyet@vfshelpline.com\" target=\"_blank\" rel=\"noopener noreferrer\">info.italyet@vfshelpline.com<\/a><\/li>\n<\/ul>\n<p>&nbsp;<\/p>\n<p>Per presentare la tua domanda di visto attraverso il Visa Application Center VFS Global, ti invitiamo a prenotare il tuo appuntamento attraverso la\u00a0<a href=\"https:\/\/www.vfsglobal.com\/italy\/Ethiopia\/schedule-an-appointment.html\">piattaforma di prenotazione VFS<\/a>.<\/p>\n<p><strong>I richiedenti che non desiderano presentare la domanda di visto presso il centro dell\u2019agenzia VFS Global<\/strong> possono comunque presentarla presso la Sezione Visti dell&#8217;Ambasciata d&#8217;Italia, gli appuntamenti possono essere prenotati inviando una email al seguente indirizzo: <a href=\"mailto:visa.addisabeba@esteri.it\">visa.addisabeba@esteri.it<\/a>.<\/p>\n<p><span style=\"color: #ff0000;\"><strong>ATTENZIONE!<\/strong> si pregano i richiedenti visto di NON presentarsi presso la Sezione Visti dell\u2019Ambasciata d\u2019Italia ad Addis Abeba a meno che non siano in possesso della conferma dell\u2019appuntamento ricevuta per email, debitamente stampata.<\/span><\/p>\n<ul>\n<li>occorre prenotare un appuntamento per ciascun richiedente. Si informa che\u00a0<strong>i gruppi di persone che hanno prenotato un solo appuntamento determineranno l&#8217;accettazione di una sola domanda<\/strong>.<\/li>\n<li>in caso di cancellazione del proprio appuntamento non sar\u00e0 permesso riprogrammarlo per telefono, per e-mail o di persona. Sar\u00e0 necessario effettuare una nuova prenotazione inviando una nuova email all\u2019indirizzo <a href=\"mailto:visa.addisabeba@esteri.it\">visa.addisabeba@esteri.it<\/a>.<\/li>\n<li>per casistiche particolari o in situazioni di comprovata urgenza, si prega di contattare la sezione visti al seguente indirizzo e-mail: <a href=\"mailto:visa.addisabeba@esteri.it\"><u>visa.addisabeba@esteri.it<\/u><\/a><\/li>\n<\/ul>\n<p><strong>\u00a0<\/strong><\/p>\n<p>Si segnala, infine, <strong>che le seguenti categorie di richiedenti dovranno <u>presentare la domanda di visto esclusivamente presso la sezione visti dell\u2019Ambasciata d\u2019Italia ad Addis Abeba, prendendo appuntamento scrivendo una mail all\u2019indirizzo <\/u><\/strong><a href=\"mailto:visa.addisabeba@esteri.it\"><strong>visa.addisabeba@esteri.it<\/strong><\/a><strong>, e NON attraverso l\u2019agenzia VFS<\/strong>:<\/p>\n<ol>\n<li>coniugi, partner stabili, genitori (madre\/padre) e figli di cittadini italiani che accompagnano\/raggiungono il cittadino italiano\/comunitario per periodi inferiori a tre mesi;<\/li>\n<li>coniugi, partner stabili, genitori (madre\/padre) e figli di cittadini italiani che intendono ricongiungersi con il familiare stabilmente residente in Italia;<\/li>\n<li>rappresentanti del governo di Etiopia, Gibuti e Sud Sudan in missione ufficiale, con nota verbale di supporto del ministero degli affari esteri competente;<\/li>\n<li>rappresentanti di ambasciate, Unione Africana, Nazioni Unite e Organizzazioni Internazionali in possesso di passaporti diplomatici o di servizio, che viaggiano in missione ufficiale con una nota verbale di supporto della rispettiva organizzazione;<\/li>\n<li>persone che necessitano di visti per cure mediche;<\/li>\n<li>richiedenti in possesso di un permesso di soggiorno scaduto o rubato;<\/li>\n<li>richiedenti il visto per ricongiungimento familiare.<\/li>\n<\/ol>\n<p>&nbsp;<\/p>\n<p><strong>COME POSSO RITIRARE IL VISTO?<\/strong><\/p>\n<p>se hai presentato la tua domanda di visto presso il centro per le domande di visto VFS Global:<\/p>\n<ul>\n<li>al momento del tuo primo appuntamento, dopo aver presentato la tua domanda di visto, riceverai un nuovo appuntamento dallo staff VFS<\/li>\n<\/ul>\n<p>se hai presentato la tua domanda di visto presso la sezione Visti dell&#8217;Ambasciata d\u2019Italia (attraverso il sistema di prenotazione online):<\/p>\n<ul>\n<li>al momento del tuo primo appuntamento, dopo aver presentato la tua domanda di visto, riceverai un nuovo appuntamento dal personale dell\u2019Ambasciata.<\/li>\n<\/ul>\n<p>Tutti i richiedenti cui \u00e8 stato rilasciato il visto sono pregati di leggere attentamente le informazioni relative ai \u201c<em>Diritti e doveri dei cittadini stranieri che entrano in Italia<\/em>\u201d, pubblicate sul portale <em>Il Visto per l\u2019Italia<\/em> e raggiungibili dai seguenti link:<\/p>\n<ul>\n<li style=\"list-style-type: none;\">\n<ul>\n<li><a href=\"https:\/\/vistoperitalia.esteri.it\/obblighipartegenerale\/it\/C\">Diritti e doveri dello straniero relativi all\u2019ingresso e soggiorno di breve durata in territorio Schengen (fino a 90 giorni)<\/a><\/li>\n<li><a href=\"https:\/\/vistoperitalia.esteri.it\/obblighipartegenerale\/it\/D\">Diritti e doveri dello straniero relativi all\u2019ingresso e soggiorno di lunga durata (oltre i 90 giorni)<\/a><\/li>\n<\/ul>\n<\/li>\n<\/ul>\n<p>&nbsp;<\/p>\n<p><strong>PROTEZIONE DELLE PERSONE FISICHE CON RIGUARDO AL TRATTAMENTO DEI DATI PERSONALI AI FINI DEL RILASCIO DI UN VISTO D\u2019INGRESSO IN ITALIA E NELL\u2019AREA SCHENGEN<\/strong><\/p>\n<ul>\n<li><a href=\"https:\/\/ambaddisabeba.esteri.it\/wp-content\/uploads\/2023\/08\/informativa_visti-1.pdf\" target=\"_blank\" rel=\"noopener\">Informazioni sulla tutela delle persone fisiche con riferimento al trattamento dei dati personali per il rilascio di un visto d&#8217;ingresso in Italia e nello spazio Schengen (Regolamento Generale sulla protezione dei dati (UE) 2016\/679, art. 13)<\/a><\/li>\n<\/ul>\n","protected":false},"excerpt":{"rendered":"Per cominciare, \u00e8 utile verificare i requisiti richiesti per un visto d\u2019ingresso in Italia a seconda delle esigenze. Visita la pagina vistoperitalia.esteri.it o clicca sul link sottostante per raccogliere tutte le informazioni necessarie in merito alle regole generali e le istruzioni pratiche per l\u2019ottenimento del visto per l\u2019Italia: IMPORTANTE! In applicazione della\u00a0Decisione di esecuzione (UE) [&hellip;]","protected":false},"author":1,"featured_media":0,"parent":48,"menu_order":0,"comment_status":"closed","ping_status":"closed","template":"","meta":{"footnotes":""},"class_list":["post-89","page","type-page","status-publish","hentry"],"_links":{"self":[{"href":"https:\/\/ambaddisabeba.esteri.it\/it\/wp-json\/wp\/v2\/pages\/89","targetHints":{"allow":["GET"]}}],"collection":[{"href":"https:\/\/ambaddisabeba.esteri.it\/it\/wp-json\/wp\/v2\/pages"}],"about":[{"href":"https:\/\/ambaddisabeba.esteri.it\/it\/wp-json\/wp\/v2\/types\/page"}],"author":[{"embeddable":true,"href":"https:\/\/ambaddisabeba.esteri.it\/it\/wp-json\/wp\/v2\/users\/1"}],"replies":[{"embeddable":true,"href":"https:\/\/ambaddisabeba.esteri.it\/it\/wp-json\/wp\/v2\/comments?post=89"}],"version-history":[{"count":6,"href":"https:\/\/ambaddisabeba.esteri.it\/it\/wp-json\/wp\/v2\/pages\/89\/revisions"}],"predecessor-version":[{"id":4115,"href":"https:\/\/ambaddisabeba.esteri.it\/it\/wp-json\/wp\/v2\/pages\/89\/revisions\/4115"}],"up":[{"embeddable":true,"href":"https:\/\/ambaddisabeba.esteri.it\/it\/wp-json\/wp\/v2\/pages\/48"}],"wp:attachment":[{"href":"https:\/\/ambaddisabeba.esteri.it\/it\/wp-json\/wp\/v2\/media?parent=89"}],"curies":[{"name":"wp","href":"https:\/\/api.w.org\/{rel}","templated":true}]}}