{"id":71,"date":"2023-04-11T18:19:16","date_gmt":"2023-04-11T16:19:16","guid":{"rendered":"https:\/\/ambasciatapraga.esteri.it\/?page_id=71"},"modified":"2024-10-04T09:00:12","modified_gmt":"2024-10-04T06:00:12","slug":"servizi-notarili","status":"publish","type":"page","link":"https:\/\/ambaddisabeba.esteri.it\/it\/servizi-consolari-e-visti\/servizi-per-il-cittadino-italiano\/servizi-notarili\/","title":{"rendered":"Servizi notarili"},"content":{"rendered":"<p>L\u2019Ufficio Consolare esercita &#8211; <strong>esclusivamente nei confronti di cittadini italiani che si trovano all&#8217;estero in via permanente o temporanea<\/strong>\u00a0\u2013 alcune funzioni notarili previste dal nostro ordinamento. Essenzialmente si tratta del ricevimento di atti pubblici (procure, testamenti), di atti notori, di autenticazioni e di sottoscrizioni apposte a scritture private.<\/p>\n<p align=\"left\">Esistono tuttavia alcune differenze tra le competenze consolari in materia notarile e quelle attribuite ai notai esercenti in Italia, sostanzialmente connesse alla diversa posizione del Capo della Rappresentanza consolare, funzionario dello Stato, e quella del notaio, libero professionista.<\/p>\n<p align=\"left\">In effetti:<\/p>\n<ul>\n<li>\n<div align=\"left\">il notaio pu\u00f2 anche essere chiamato a fungere da consulente legale del cliente; egli pertanto pu\u00f2 assumere informazioni circa la solvibilit\u00e0 di una persona o agire da mediatore in una transazione, oppure consigliare il cliente circa rapporti familiari o finanziari.\u00a0<strong>E\u2019 escluso che l\u2019Autorit\u00e0 consolare possa svolgere attivit\u00e0 analoghe<\/strong>. Il suo consiglio, se richiesto, deve essere limitato al campo giuridico, con particolare riguardo alla validit\u00e0 degli atti che le si domanda di ricevere. La sua assistenza deve limitarsi alla legalit\u00e0 degli atti prospettati e non alla loro utilit\u00e0 economica.<\/div>\n<\/li>\n<li>\n<div align=\"left\">il notaio pu\u00f2 essere a volte il mandatario del cliente rispetto alla pubblicit\u00e0 e alla esecuzione di formalit\u00e0 relative agli atti da lui ricevuti.\u00a0<strong>Nessuna attivit\u00e0 di tale natura pu\u00f2, invece, essere svolta dal capo della Rappresentanza consolare<\/strong>.<\/div>\n<\/li>\n<li>\n<div align=\"left\">mentre il notaio ha diritto ad un onorario,\u00a0<strong>tutti gli atti consolari sono soggetti unicamente alla tassa indicata nella Tariffa consolare<\/strong>.<\/div>\n<\/li>\n<\/ul>\n<p align=\"left\">Il cittadino italiano all\u2019estero pu\u00f2, in alternativa, formalizzare l\u2019atto presso un pubblico notaio ufficialmente accreditato nel Paese di residenza. Successivamente, se il Paese ha aderito alla Convenzione dell\u2019Aja del 1961 per l\u2019abolizione della legalizzazione, deve provvedere a far apporre sul documento l\u2019\u00abapostille\u00bb da parte dell\u2019Autorit\u00e0 preposta nel Paese di residenza. Se il Paese non ha aderito alla Convenzione suddetta, dovr\u00e0 far legalizzare la firma del notaio a cura della Rappresentanza consolare italiana (v. sezione\u00a0<em>Traduzione e Legalizzazione dei documenti<\/em>).<\/p>\n<p align=\"left\">I servizi notarili pi\u00f9 frequentemente richiesti ad un Ufficio consolare sono:<\/p>\n<ul>\n<li>\n<div align=\"left\">Procure<\/div>\n<\/li>\n<li>\n<div align=\"left\">Testamenti<\/div>\n<\/li>\n<li>\n<div align=\"left\">Atti Pubblici<\/div>\n<\/li>\n<li>\n<div align=\"left\">Attivit\u00e0 di autenticazione<\/div>\n<\/li>\n<\/ul>\n<p align=\"left\">Per avere efficacia in Italia gli atti dovranno essere tradotti.<br \/>\nIl provvedimento prevede che il Capo dell\u2019Ufficio Consolare continui in ogni caso a ricevere, a richiesta di cittadini italiani, testamenti pubblici, segreti o internazionali.<br \/>\nEgli pu\u00f2 inoltre ricevere \u2013 previa verifica della oggettiva e documentata impossibilit\u00e0 da parte del connazionale di rivolgersi ad un notaio in loco \u2013 atti che rivestono carattere di necessit\u00e0 e urgenza, quando dal ritardo possa derivare pregiudizio al cittadino.<\/p>\n<p align=\"left\">I servizi notarili \u00a0vengono erogati su appuntamento, inviando un\u2019e-mail a <a href=\"mailto:consolato.addisabeba@esteri.it\">consolato.addisabeba@esteri.it<\/a> specificando il tipo di servizio notarile richiesto e allegando, nel caso di procura, una bozza della stessa in formato word.<\/p>\n<p align=\"left\">\n","protected":false},"excerpt":{"rendered":"L\u2019Ufficio Consolare esercita &#8211; esclusivamente nei confronti di cittadini italiani che si trovano all&#8217;estero in via permanente o temporanea\u00a0\u2013 alcune funzioni notarili previste dal nostro ordinamento. Essenzialmente si tratta del ricevimento di atti pubblici (procure, testamenti), di atti notori, di autenticazioni e di sottoscrizioni apposte a scritture private. Esistono tuttavia alcune differenze tra le competenze [&hellip;]","protected":false},"author":1,"featured_media":0,"parent":47,"menu_order":10,"comment_status":"closed","ping_status":"closed","template":"","meta":{"footnotes":""},"class_list":["post-71","page","type-page","status-publish","hentry"],"_links":{"self":[{"href":"https:\/\/ambaddisabeba.esteri.it\/it\/wp-json\/wp\/v2\/pages\/71","targetHints":{"allow":["GET"]}}],"collection":[{"href":"https:\/\/ambaddisabeba.esteri.it\/it\/wp-json\/wp\/v2\/pages"}],"about":[{"href":"https:\/\/ambaddisabeba.esteri.it\/it\/wp-json\/wp\/v2\/types\/page"}],"author":[{"embeddable":true,"href":"https:\/\/ambaddisabeba.esteri.it\/it\/wp-json\/wp\/v2\/users\/1"}],"replies":[{"embeddable":true,"href":"https:\/\/ambaddisabeba.esteri.it\/it\/wp-json\/wp\/v2\/comments?post=71"}],"version-history":[{"count":3,"href":"https:\/\/ambaddisabeba.esteri.it\/it\/wp-json\/wp\/v2\/pages\/71\/revisions"}],"predecessor-version":[{"id":2995,"href":"https:\/\/ambaddisabeba.esteri.it\/it\/wp-json\/wp\/v2\/pages\/71\/revisions\/2995"}],"up":[{"embeddable":true,"href":"https:\/\/ambaddisabeba.esteri.it\/it\/wp-json\/wp\/v2\/pages\/47"}],"wp:attachment":[{"href":"https:\/\/ambaddisabeba.esteri.it\/it\/wp-json\/wp\/v2\/media?parent=71"}],"curies":[{"name":"wp","href":"https:\/\/api.w.org\/{rel}","templated":true}]}}