{"id":555,"date":"2023-09-22T11:23:48","date_gmt":"2023-09-22T08:23:48","guid":{"rendered":"https:\/\/ambaddisabeba.esteri.it\/?page_id=555"},"modified":"2025-11-01T17:01:06","modified_gmt":"2025-11-01T14:01:06","slug":"messaggio","status":"publish","type":"page","link":"https:\/\/ambaddisabeba.esteri.it\/it\/chi-siamo\/lambasciatore\/messaggio\/","title":{"rendered":"Messaggio"},"content":{"rendered":"<p><em>Carissime e carissimi Connazionali, cari amici Etiopi, gentili visitatori di questo sito,<\/em><\/p>\n<p style=\"text-align: justify;\">assumo oggi con entusiasmo l\u2019incarico di Ambasciatore d\u2019Italia presso la Repubblica Federale Democratica d&#8217;Etiopia, un Paese amico cui siamo legati da profonda e sincera amicizia, ora al centro del Piano Mattei.<\/p>\n<p style=\"text-align: justify;\">Italia ed Etiopia nel corso degli anni hanno insieme sviluppato progetti, attivit\u00e0 e partenariati nei pi\u00f9 importanti settori: scientifico e culturale, sanitario ed educativo, ambientale e climatico, agricolo e infrastrutturale, solo per citare alcuni dei pi\u00f9 rilevanti. Un grande cantiere di attivit\u00e0 al quale concorrono attivamente anche le comunit\u00e0 imprenditoriali dei nostri due Paesi. Il lancio del Piano Mattei per l\u2019Africa &#8211; basato sul reciproco ascolto e su una logica di partenariato, e che vede l\u2019Etiopia tra i nostri pi\u00f9 dinamici ed importanti partner &#8211; sta inoltre aprendo nuove opportunit\u00e0 di crescita e sviluppo. Un ulteriore volano per il rafforzamento delle nostre relazioni.<\/p>\n<p style=\"text-align: justify;\">Sotto il mio mandato, l\u2019Ambasciata sar\u00e0 impegnata, insieme all\u2019intero Sistema-Paese Italia, per rafforzare la nostra presenza in Etiopia e per essere un punto di riferimento per la nostra collettivit\u00e0, per le imprese, le istituzioni e i partners etiopi interessati a promuovere la prosperit\u00e0 e la sicurezza dei nostri due Paesi.<\/p>\n<p style=\"text-align: justify;\">Questo sito rappresenta una prima forma di contatto per approfondire la ricchezza e la profondit\u00e0 del partenariato italo-etiope.<\/p>\n<p style=\"text-align: justify;\">Vi invito pertanto a consultarlo, unitamente ai nostri profili social\u00a0Facebook, Instagram e Twitter, per rimanere aggiornati sulle attivit\u00e0 e i servizi offerti dall\u2019Ambasciata, e di farci conoscere le vostre idee e suggerimenti per migliorare il nostro lavoro.<\/p>\n<p style=\"text-align: justify;\">Un caloroso grazie a quanti gi\u00e0 ci seguono e un altrettanto sincero benvenuto a coloro, spero numerosi, che decidano di sintonizzarsi su questi canali.<\/p>\n<p><em>Selam<\/em>!<\/p>\n<p>Sem Fabrizi<\/p>\n","protected":false},"excerpt":{"rendered":"Carissime e carissimi Connazionali, cari amici Etiopi, gentili visitatori di questo sito, assumo oggi con entusiasmo l\u2019incarico di Ambasciatore d\u2019Italia presso la Repubblica Federale Democratica d&#8217;Etiopia, un Paese amico cui siamo legati da profonda e sincera amicizia, ora al centro del Piano Mattei. Italia ed Etiopia nel corso degli anni hanno insieme sviluppato progetti, attivit\u00e0 [&hellip;]","protected":false},"author":4,"featured_media":0,"parent":38,"menu_order":0,"comment_status":"closed","ping_status":"closed","template":"","meta":{"footnotes":""},"class_list":["post-555","page","type-page","status-publish","hentry"],"_links":{"self":[{"href":"https:\/\/ambaddisabeba.esteri.it\/it\/wp-json\/wp\/v2\/pages\/555","targetHints":{"allow":["GET"]}}],"collection":[{"href":"https:\/\/ambaddisabeba.esteri.it\/it\/wp-json\/wp\/v2\/pages"}],"about":[{"href":"https:\/\/ambaddisabeba.esteri.it\/it\/wp-json\/wp\/v2\/types\/page"}],"author":[{"embeddable":true,"href":"https:\/\/ambaddisabeba.esteri.it\/it\/wp-json\/wp\/v2\/users\/4"}],"replies":[{"embeddable":true,"href":"https:\/\/ambaddisabeba.esteri.it\/it\/wp-json\/wp\/v2\/comments?post=555"}],"version-history":[{"count":6,"href":"https:\/\/ambaddisabeba.esteri.it\/it\/wp-json\/wp\/v2\/pages\/555\/revisions"}],"predecessor-version":[{"id":3997,"href":"https:\/\/ambaddisabeba.esteri.it\/it\/wp-json\/wp\/v2\/pages\/555\/revisions\/3997"}],"up":[{"embeddable":true,"href":"https:\/\/ambaddisabeba.esteri.it\/it\/wp-json\/wp\/v2\/pages\/38"}],"wp:attachment":[{"href":"https:\/\/ambaddisabeba.esteri.it\/it\/wp-json\/wp\/v2\/media?parent=555"}],"curies":[{"name":"wp","href":"https:\/\/api.w.org\/{rel}","templated":true}]}}