{"id":516,"date":"2023-09-13T16:52:16","date_gmt":"2023-09-13T13:52:16","guid":{"rendered":"https:\/\/ambaddisabeba.esteri.it\/?page_id=516"},"modified":"2024-10-04T08:58:33","modified_gmt":"2024-10-04T05:58:33","slug":"rimpatrio-sanitario-e-rimpatrio-di-salme","status":"publish","type":"page","link":"https:\/\/ambaddisabeba.esteri.it\/it\/servizi-consolari-e-visti\/servizi-per-il-cittadino-italiano\/assistenza-ai-cittadini-allestero\/rimpatrio-sanitario-e-rimpatrio-di-salme\/","title":{"rendered":"Rimpatrio sanitario e rimpatrio di salme"},"content":{"rendered":"<h4>Rimpatrio sanitario (<a href=\"https:\/\/www.esteri.it\/it\/servizi-consolari-e-visti\/italiani-all-estero\/assistenzacittadiniestero\/rimpatrio-sanitario\/\">Maggiori informazioni sulla pagina dedicata sito del MAECI<\/a>)<\/h4>\n<p>Nel caso di ammalati che necessitino di ricovero ospedaliero in Italia, la l&#8217;Ufficio Consolare invita i familiari a individuare una struttura medica nella quale il connazionale verr\u00e0 ricoverato una volta giunto in Italia. In caso di difficolt\u00e0, la Sede pu\u00f2 chiedere alla Prefettura di individuare la struttura sanitaria.<\/p>\n<p>L&#8217;Ufficio Consolare deve inoltre acquisire un certificato medico, in cui si confermi che il cittadino italiano \u00e8 in condizioni di affrontare il viaggio (la c.d. \u201ctrasportabilit\u00e0 aerea del paziente\u201d).<\/p>\n<p>Per i rimpatri sanitari pu\u00f2 essere concesso un sussidio a favore di connazionali indigenti stabilmente residenti nel Paese straniero, o un prestito con promessa di restituzione a favore di connazionali di passaggio in stato di temporanea indigenza, per il ritorno in Italia su aerei di linea (utilizzando, se necessario, il servizio di barella e una scorta medica a bordo).<\/p>\n<p>Per i connazionali colpiti da malattie che non consentono di firmare la promessa di restituzione, qualora i congiunti non possano provvedere al rimpatrio va acquisita la documentazione medica di temporanea incapacit\u00e0 di intendere e di volere.<\/p>\n<p>&nbsp;<\/p>\n<hr \/>\n<p>&nbsp;<\/p>\n<h4>Rimpatrio di salme (<a href=\"https:\/\/www.esteri.it\/it\/servizi-consolari-e-visti\/italiani-all-estero\/assistenzacittadiniestero\/rimpatrio_salme\/\">Maggiori informazioni sulla pagina dedicata sito del MAECI<\/a>)<\/h4>\n<p>Perdere una persona cara \u00e8 sempre motivo di grande dolore, ma se questo dovesse succedere all&#8217;estero, al dolore si aggiunge la necessit\u00e0 di risolvere alcuni problemi pratici.<\/p>\n<p>Qui di seguito diamo delle indicazioni sulla soluzione di tali problemi.<\/p>\n<p>Per il rimpatrio della salma di un cittadino italiano \u00e8 necessario contattare l&#8217;Ambasciata d&#8217;Italia all&#8217;indirizzo <a href=\"mailto:consolare.addisabeba@esteri.it\">consolare.addisabeba@esteri.it<\/a>\u00a0o, fuori dall&#8217;orario di ufficio, <a href=\"https:\/\/ambaddisabeba.esteri.it\/it\/chi-siamo\/numeri-di-emergenza\/\">al numero di emergenza<\/a> per segnalare il decesso e le generalit\u00e0 della persona deceduta. L&#8217;Ufficio Consolare trasmetter\u00e0 una richiesta al Comune italiano in cui il connazionale era residente o era iscritto all&#8217;AIRE per ottenere il &#8220;nulla osta all&#8217;introduzione della salma&#8221;. Una volta ricevuto il &#8220;nulla osta&#8221; dal Comune, l&#8217;agenzia di onoranze funebri, incaricata dai familiari del rimpatrio a proprie spese della salma, potr\u00e0 procedere con il trasporto in Italia.<\/p>\n","protected":false},"excerpt":{"rendered":"Rimpatrio sanitario (Maggiori informazioni sulla pagina dedicata sito del MAECI) Nel caso di ammalati che necessitino di ricovero ospedaliero in Italia, la l&#8217;Ufficio Consolare invita i familiari a individuare una struttura medica nella quale il connazionale verr\u00e0 ricoverato una volta giunto in Italia. In caso di difficolt\u00e0, la Sede pu\u00f2 chiedere alla Prefettura di individuare [&hellip;]","protected":false},"author":4,"featured_media":0,"parent":69,"menu_order":0,"comment_status":"closed","ping_status":"closed","template":"","meta":{"footnotes":""},"class_list":["post-516","page","type-page","status-publish","hentry"],"_links":{"self":[{"href":"https:\/\/ambaddisabeba.esteri.it\/it\/wp-json\/wp\/v2\/pages\/516","targetHints":{"allow":["GET"]}}],"collection":[{"href":"https:\/\/ambaddisabeba.esteri.it\/it\/wp-json\/wp\/v2\/pages"}],"about":[{"href":"https:\/\/ambaddisabeba.esteri.it\/it\/wp-json\/wp\/v2\/types\/page"}],"author":[{"embeddable":true,"href":"https:\/\/ambaddisabeba.esteri.it\/it\/wp-json\/wp\/v2\/users\/4"}],"replies":[{"embeddable":true,"href":"https:\/\/ambaddisabeba.esteri.it\/it\/wp-json\/wp\/v2\/comments?post=516"}],"version-history":[{"count":4,"href":"https:\/\/ambaddisabeba.esteri.it\/it\/wp-json\/wp\/v2\/pages\/516\/revisions"}],"predecessor-version":[{"id":2992,"href":"https:\/\/ambaddisabeba.esteri.it\/it\/wp-json\/wp\/v2\/pages\/516\/revisions\/2992"}],"up":[{"embeddable":true,"href":"https:\/\/ambaddisabeba.esteri.it\/it\/wp-json\/wp\/v2\/pages\/69"}],"wp:attachment":[{"href":"https:\/\/ambaddisabeba.esteri.it\/it\/wp-json\/wp\/v2\/media?parent=516"}],"curies":[{"name":"wp","href":"https:\/\/api.w.org\/{rel}","templated":true}]}}