{"id":493,"date":"2023-09-13T16:05:36","date_gmt":"2023-09-13T13:05:36","guid":{"rendered":"https:\/\/ambaddisabeba.esteri.it\/?page_id=493"},"modified":"2024-10-04T09:05:46","modified_gmt":"2024-10-04T06:05:46","slug":"notifiche-allestero","status":"publish","type":"page","link":"https:\/\/ambaddisabeba.esteri.it\/it\/servizi-consolari-e-visti\/servizi-per-il-cittadino-italiano\/notifiche-allestero\/","title":{"rendered":"Notifiche all&#8217;estero"},"content":{"rendered":"<h4>Notifiche all&#8217;estero (<a href=\"https:\/\/www.esteri.it\/it\/servizi-consolari-e-visti\/italiani-all-estero\/notifiche_estero\/\" target=\"_blank\" rel=\"noopener\">Altre informazioni sul sito MAECI<\/a>)<\/h4>\n<p>Pur non avendo l\u2019 Etiopia aderito alla Convenzione di Strasburgo del 24.11.1977, \u00e8 comunque possibile la notifica a mezzo posta raccomandata nel territorio etiope.<\/p>\n<p>&nbsp;<\/p>\n<hr \/>\n<p>&nbsp;<\/p>\n<p>L\u2019attivit\u00e0 di notificazione \u00e8 una fase fondamentale dei processi civili, penali, tributari, amministrativi, fallimentari e del lavoro, nonch\u00e9 di alcune fasi pre-processuali o amministrative, che d\u00e0 la conoscenza legale di un provvedimento mediante la consegna di un atto, giudiziario o extragiudiziario, da parte di un particolare soggetto notificatore, secondo precise modalit\u00e0.<br \/>\nAi sensi dell\u2019art. 37 del D.Lgs. 71\/2011 l\u2019Ufficio consolare provvede alla notifica degli atti ad esso rimessi, in conformit\u00e0 alle disposizioni di cooperazione giudiziaria dell\u2019UE, alle convenzioni internazionali in materia e alle leggi dello Stato di residenza.<\/p>\n<p><strong>NOTIFICA ALL\u2019ESTERO DEGLI ATTI GIUDIZIARI ED EXTRAGIUDIZIARI IN MATERIA CIVILE E COMMERCIALE<\/strong>.<br \/>\nLe informazioni sono reperibili nella\u00a0<a href=\"https:\/\/ambaddisabeba.esteri.it\/wp-content\/uploads\/2024\/10\/Guida-Notifiche-civile_settembre-2024def.pdf\">\u201cGuida alla notifica all\u2019estero degli atti giudiziari ed extragiudiziari in materia civile e commerciale (Edizione 2024)\u201d.<\/a><\/p>\n<p><strong>NOTIFICA DI ATTI AMMINISTRATIVI A PERSONE RESIDENTI ALL\u2019ESTERO<\/strong><\/p>\n<p><a href=\"https:\/\/www.esteri.it\/wp-content\/uploads\/2022\/10\/Guida-Notifiche-Amministrative-2022.pdf\">Le informazioni sono reperibili nel seguente documento<\/a><\/p>\n<p><strong>NOTIFICA IN ITALIA \u00a0DI \u00a0ATTI GIUDIZIARI ED EXTRAGIUDIZIALI IN MATERIA CIVILE \u2013 COMMERCIALE, AMMINISTRATIVA E PENALE<\/strong><\/p>\n<p>Il\u00a0<a href=\"https:\/\/www.esteri.it\/wp-content\/uploads\/2022\/06\/Vademecum-Notifiche-in-Italia-2022.pdf\">vademecum<\/a>\u00a0intende fornire alle Rappresentanze Diplomatico-consolari straniere accreditate presso il Quirinale un essenziale strumento di consultazione,<br \/>\nper \u00a0agevolare le procedure di notificazione di atti giudiziari destinati a soggetti (persone fisiche e giuridiche) domiciliati o residenti in Italia<\/p>\n","protected":false},"excerpt":{"rendered":"Notifiche all&#8217;estero (Altre informazioni sul sito MAECI) Pur non avendo l\u2019 Etiopia aderito alla Convenzione di Strasburgo del 24.11.1977, \u00e8 comunque possibile la notifica a mezzo posta raccomandata nel territorio etiope. &nbsp; &nbsp; L\u2019attivit\u00e0 di notificazione \u00e8 una fase fondamentale dei processi civili, penali, tributari, amministrativi, fallimentari e del lavoro, nonch\u00e9 di alcune fasi pre-processuali [&hellip;]","protected":false},"author":4,"featured_media":0,"parent":47,"menu_order":0,"comment_status":"closed","ping_status":"closed","template":"","meta":{"footnotes":""},"class_list":["post-493","page","type-page","status-publish","hentry"],"_links":{"self":[{"href":"https:\/\/ambaddisabeba.esteri.it\/it\/wp-json\/wp\/v2\/pages\/493","targetHints":{"allow":["GET"]}}],"collection":[{"href":"https:\/\/ambaddisabeba.esteri.it\/it\/wp-json\/wp\/v2\/pages"}],"about":[{"href":"https:\/\/ambaddisabeba.esteri.it\/it\/wp-json\/wp\/v2\/types\/page"}],"author":[{"embeddable":true,"href":"https:\/\/ambaddisabeba.esteri.it\/it\/wp-json\/wp\/v2\/users\/4"}],"replies":[{"embeddable":true,"href":"https:\/\/ambaddisabeba.esteri.it\/it\/wp-json\/wp\/v2\/comments?post=493"}],"version-history":[{"count":2,"href":"https:\/\/ambaddisabeba.esteri.it\/it\/wp-json\/wp\/v2\/pages\/493\/revisions"}],"predecessor-version":[{"id":3003,"href":"https:\/\/ambaddisabeba.esteri.it\/it\/wp-json\/wp\/v2\/pages\/493\/revisions\/3003"}],"up":[{"embeddable":true,"href":"https:\/\/ambaddisabeba.esteri.it\/it\/wp-json\/wp\/v2\/pages\/47"}],"wp:attachment":[{"href":"https:\/\/ambaddisabeba.esteri.it\/it\/wp-json\/wp\/v2\/media?parent=493"}],"curies":[{"name":"wp","href":"https:\/\/api.w.org\/{rel}","templated":true}]}}