{"id":46,"date":"2023-04-11T18:11:52","date_gmt":"2023-04-11T16:11:52","guid":{"rendered":"https:\/\/ambasciatapraga.esteri.it\/?page_id=46"},"modified":"2023-10-02T12:00:41","modified_gmt":"2023-10-02T09:00:41","slug":"cooperazione-allo-sviluppo","status":"publish","type":"page","link":"https:\/\/ambaddisabeba.esteri.it\/it\/italia-ed-etiopia\/cooperazione-allo-sviluppo\/","title":{"rendered":"Cooperazione allo sviluppo"},"content":{"rendered":"<p><img loading=\"lazy\" decoding=\"async\" class=\"alignnone size-medium wp-image-857 img-fluid\" src=\"https:\/\/ambaddisabeba.esteri.it\/wp-content\/uploads\/2023\/10\/logo_aics-300x249.jpg\" alt=\"logo AICS\" width=\"300\" height=\"249\" srcset=\"https:\/\/ambaddisabeba.esteri.it\/wp-content\/uploads\/2023\/10\/logo_aics-300x249.jpg 300w, https:\/\/ambaddisabeba.esteri.it\/wp-content\/uploads\/2023\/10\/logo_aics.jpg 362w\" sizes=\"auto, (max-width: 300px) 100vw, 300px\" \/><\/p>\n<div id=\"pgc-919-0-0\" class=\"panel-grid-cell\">\n<div id=\"panel-919-0-0-0\" class=\"so-panel widget widget_black-studio-tinymce widget_black_studio_tinymce panel-first-child panel-last-child\" data-index=\"0\">\n<div class=\"textwidget\">\n<p>L\u2019<a href=\"https:\/\/www.aics.gov.it\">Agenzia italiana per la Cooperazione allo Sviluppo<\/a> (AICS) \u00e8 la piattaforma operativa del sistema di cooperazione italiano, ed \u00e8 chiamata a svolgere attivit\u00e0 associate all\u2019elaborazione, lo sviluppo, il finanziamento , la gestione e il controllo di iniziative di cooperazione internazionale.<\/p>\n<p>La Cooperazione allo sviluppo italiana ha una presenza significativa in Etiopia dal 1976.\u00a0 Con l&#8217;adozione del Programma Paese che ha definito il contributo italiano di 140 milioni di Euro per interventi di Cooperazione allo Sviluppo tra Italia ed Etiopia per il periodo 2023-2025, l\u2019Etiopia si conferma essere uno dei paesi prioritari della Cooperazione italiana.<\/p>\n<p>Oltre che per l\u2019Etiopia, <a href=\"https:\/\/addisabeba.aics.gov.it\" target=\"_blank\" rel=\"noopener\">la sede di Addis Abeba dell\u2019Agenzia Italiana per la Cooperazione allo Sviluppo<\/a> \u00e8 competente anche per Sud Sudan e Gibuti.<\/p>\n<p>In <strong>Sud Sudan<\/strong>, gli sforzi si concentrano sulla risposta alla crisi umanitaria che si protrae dall\u2019inizio del conflitto interno nel 2013. I settori d\u2019intervento prioritari sono legati all\u2019erogazione di servizi sanitari di base e alla protezione delle fasce pi\u00f9 vulnerabili, con un focus particolare agli sfollati interni nelle aree urbane e peri-urbane di Giuba e degli ex Stati dei Laghi. Interventi minori sono anche previsti nel settore della resilienza e della protezione.<\/p>\n<p>In <strong>Gibuti<\/strong>, il programma d\u2019azione dell\u2019AICS ha come obiettivo principale il miglioramento della salute pubblica, con un focus sul rafforzamento delle competenze e delle capacit\u00e0 d\u2019istituzioni e personale sanitario, e un\u2019aumentata consapevolezza della comunit\u00e0 sulla salute della donna, con particolare attenzione alla salute riproduttiva, materno-infantile e alle complicanze derivanti dalle differenti tipologie di mutilazioni genitali femminili (MGF).<\/p>\n<p>La sede AICS di Addis Abeba porta avanti iniziative sia sul canale emergenza che ordinario le quali sono realizzate attraverso diverse modalit\u00e0 d\u2019intervento: bilaterale, multi-bilaterale, promosse dalle OSC o da Enti Territoriali, utilizzando sia lo strumento del credito d\u2019aiuto, veicolato tramite Cassa Depositi e Prestiti, che lo strumento del dono.<\/p>\n<\/div>\n<\/div>\n<\/div>\n","protected":false},"excerpt":{"rendered":"L\u2019Agenzia italiana per la Cooperazione allo Sviluppo (AICS) \u00e8 la piattaforma operativa del sistema di cooperazione italiano, ed \u00e8 chiamata a svolgere attivit\u00e0 associate all\u2019elaborazione, lo sviluppo, il finanziamento , la gestione e il controllo di iniziative di cooperazione internazionale. La Cooperazione allo sviluppo italiana ha una presenza significativa in Etiopia dal 1976.\u00a0 Con l&#8217;adozione [&hellip;]","protected":false},"author":1,"featured_media":0,"parent":14,"menu_order":6,"comment_status":"closed","ping_status":"closed","template":"","meta":{"footnotes":""},"class_list":["post-46","page","type-page","status-publish","hentry"],"_links":{"self":[{"href":"https:\/\/ambaddisabeba.esteri.it\/it\/wp-json\/wp\/v2\/pages\/46","targetHints":{"allow":["GET"]}}],"collection":[{"href":"https:\/\/ambaddisabeba.esteri.it\/it\/wp-json\/wp\/v2\/pages"}],"about":[{"href":"https:\/\/ambaddisabeba.esteri.it\/it\/wp-json\/wp\/v2\/types\/page"}],"author":[{"embeddable":true,"href":"https:\/\/ambaddisabeba.esteri.it\/it\/wp-json\/wp\/v2\/users\/1"}],"replies":[{"embeddable":true,"href":"https:\/\/ambaddisabeba.esteri.it\/it\/wp-json\/wp\/v2\/comments?post=46"}],"version-history":[{"count":3,"href":"https:\/\/ambaddisabeba.esteri.it\/it\/wp-json\/wp\/v2\/pages\/46\/revisions"}],"predecessor-version":[{"id":859,"href":"https:\/\/ambaddisabeba.esteri.it\/it\/wp-json\/wp\/v2\/pages\/46\/revisions\/859"}],"up":[{"embeddable":true,"href":"https:\/\/ambaddisabeba.esteri.it\/it\/wp-json\/wp\/v2\/pages\/14"}],"wp:attachment":[{"href":"https:\/\/ambaddisabeba.esteri.it\/it\/wp-json\/wp\/v2\/media?parent=46"}],"curies":[{"name":"wp","href":"https:\/\/api.w.org\/{rel}","templated":true}]}}