{"id":394,"date":"2023-09-05T14:59:20","date_gmt":"2023-09-05T11:59:20","guid":{"rendered":"https:\/\/ambaddisabeba.esteri.it\/?page_id=394"},"modified":"2024-10-10T16:52:06","modified_gmt":"2024-10-10T13:52:06","slug":"modulistica","status":"publish","type":"page","link":"https:\/\/ambaddisabeba.esteri.it\/it\/servizi-consolari-e-visti\/servizi-per-il-cittadino-italiano\/modulistica\/","title":{"rendered":"Modulistica"},"content":{"rendered":"<p>In questa sezione \u00e8 possibile visionare e scaricare i moduli necessari per il disbrigo delle principali pratiche consolari.<\/p>\n<p>&nbsp;<\/p>\n<p><strong>CARTA DI IDENTIT\u00c0 ELETTRONICA (C.I.E.) (<a href=\"https:\/\/ambaddisabeba.esteri.it\/it\/servizi-consolari-e-visti\/servizi-per-il-cittadino-italiano\/carta-di-identita-elettronica-c-i-e\/\"><em>informazioni generali sulle carte di identit\u00e0<\/em><\/a>)<\/strong><\/p>\n<ul>\n<li><a href=\"https:\/\/ambaddisabeba.esteri.it\/wp-content\/uploads\/2024\/05\/CIE_-Modello_richiesta_maggiorenni.pdf\" target=\"_blank\" rel=\"noopener\">Richiesta di emissione della carta d&#8217;identit\u00e0 per cittadini maggiorenni<\/a><\/li>\n<li><a href=\"https:\/\/ambaddisabeba.esteri.it\/wp-content\/uploads\/2024\/05\/CIE_-Modello_richiesta_minori.pdf\" target=\"_blank\" rel=\"noopener\">Richiesta di emissione della carta d&#8217;identit\u00e0 a favore di figlio minore<\/a><\/li>\n<li><a href=\"https:\/\/ambaddisabeba.esteri.it\/wp-content\/uploads\/2024\/10\/Atto-di-assenso-per-figlio-minore.pdf\" target=\"_blank\" rel=\"noopener\">Atto di assenso in favore dei figli minori<\/a><\/li>\n<\/ul>\n<p>&nbsp;<\/p>\n<p><strong>VISTI DI INGRESSO IN ITALIA<\/strong>\u00a0\u00a0\u00a0 (<a href=\"https:\/\/ambaddisabeba.esteri.it\/it\/servizi-consolari-e-visti\/servizi-per-il-cittadino-straniero\/visti\/\"><strong><em>informazioni generali sui visti<\/em><\/strong><\/a>)<\/p>\n<ul>\n<li><a href=\"https:\/\/ambaddisabeba.esteri.it\/wp-content\/uploads\/2024\/06\/formulario-visto-schengen-eng.pdf\" target=\"_blank\" rel=\"noopener\">Formulario Visto Schengen<\/a> (disponibile anche <a href=\"https:\/\/ambaddisabeba.esteri.it\/wp-content\/uploads\/2024\/06\/formulario-visto-schengen-ita.pdf\" target=\"_blank\" rel=\"noopener\">in Italiano<\/a> e <a href=\"https:\/\/ambaddisabeba.esteri.it\/wp-content\/uploads\/2024\/07\/nuovo-formulario-VSU_FR.pdf\" target=\"_blank\" rel=\"noopener\">in Francese<\/a>)<\/li>\n<li><a href=\"https:\/\/ambaddisabeba.esteri.it\/wp-content\/uploads\/2023\/10\/formulario_visto_nazionale.pdf\" target=\"_blank\" rel=\"noopener\">Formulario Visto Nazionale<\/a> (disponibile solo in Italiano)<\/li>\n<li><a href=\"https:\/\/ambaddisabeba.esteri.it\/wp-content\/uploads\/2023\/10\/modello_di_invito_per_affari.docx\" target=\"_blank\" rel=\"noopener\">Modello di lettera di invito per visti Affari<\/a> (da compilare in italiano, preferibilmente su carta intestata della societ\u00e0 invitante, con timbro e firma dell&#8217;invitante)<\/li>\n<li><a href=\"https:\/\/ambaddisabeba.esteri.it\/wp-content\/uploads\/2023\/10\/dichiarazione_di_ospitalita_amici_-_familiari.docx\" target=\"_blank\" rel=\"noopener\">Dichiarazione di ospitalit\u00e0<\/a><\/li>\n<li><a href=\"https:\/\/ambaddisabeba.esteri.it\/wp-content\/uploads\/2024\/05\/ALLEG.1_AUTOCERTFICAZIONE-GARANTE.docx\">Dichiarazione sostitutiva di certificazione<\/a> (garanzia mezzi di sostentamento per studi universitari)<\/li>\n<\/ul>\n<p>&nbsp;<\/p>\n<p><strong>PASSAPORTI<\/strong>\u00a0\u00a0\u00a0 (<a href=\"https:\/\/ambaddisabeba.esteri.it\/it\/servizi-consolari-e-visti\/servizi-per-il-cittadino-italiano\/passaporti-e-carte-didentita\/\" target=\"_blank\" rel=\"noopener\"><strong><em>informazioni generali sui passaporti<\/em><\/strong><\/a>)<\/p>\n<ul>\n<li>Richiesta di rilascio passaporto (adulti)<\/li>\n<li>Richiesta di rilascio passaporto (minori)<\/li>\n<li><a href=\"https:\/\/ambaddisabeba.esteri.it\/wp-content\/uploads\/2024\/10\/Atto-di-assenso-per-figlio-minore.pdf\">Atto di assenso al rilascio del passaporto per figlio minore<\/a><\/li>\n<li><a href=\"https:\/\/ambaddisabeba.esteri.it\/wp-content\/uploads\/2024\/10\/Dichiarazione-di-accompagnamento.pdf\" target=\"_blank\" rel=\"noopener\">Dichiarazione di accompagnamento per minori<\/a><\/li>\n<li>Denuncia di smarrimento\/furto del passaporto<\/li>\n<\/ul>\n<p>&nbsp;<\/p>\n<p><strong>STUDIO<\/strong>\u00a0\u00a0 (<a href=\"https:\/\/ambaddisabeba.esteri.it\/en\/italia-ed-etiopia\/diplomazia-culturale\/studiare-in-italia\/\"><strong><em>Maggiori informazioni sulle opportunit\u00e0 di studio in Italia<\/em><\/strong><\/a>)<\/p>\n<ul>\n<li>Richiesta di documentazione per studio (dichiarazione di valore)<\/li>\n<li>Autentica della foto<\/li>\n<li>Modulo A<\/li>\n<li>Modulo A bis<\/li>\n<\/ul>\n<p>&nbsp;<\/p>\n<p><strong>ANAGRAFE CONSOLARE\u00a0\/ AIRE<\/strong>\u00a0 \u00a0(<a href=\"https:\/\/www.esteri.it\/it\/servizi-consolari-e-visti\/italiani-all-estero\/aire_0\/\" target=\"_blank\" rel=\"noopener\"><strong><em>informazioni generali sull&#8217;Anagrafe Consolare<\/em><\/strong><\/a>)<\/p>\n<ul>\n<li><a href=\"https:\/\/ambaddisabeba.esteri.it\/wp-content\/uploads\/2024\/10\/Richiesta-iscrizione-AIRE.pdf\" target=\"_blank\" rel=\"noopener\">Modulo di richiesta di iscrizione all&#8217;AIRE (adulti)<\/a><\/li>\n<li><a href=\"https:\/\/ambaddisabeba.esteri.it\/wp-content\/uploads\/2024\/10\/Richiesta-iscrizione-AIRE-minorenni.pdf\" target=\"_blank\" rel=\"noopener\">Modulo di richiesta di iscrizione all&#8217;AIRE (minori)<\/a><\/li>\n<li>Modulo per il cambio indirizzo<\/li>\n<\/ul>\n<p>&nbsp;<\/p>\n<p><strong>CODICE FISCALE<\/strong> (<a href=\"https:\/\/ambaddisabeba.esteri.it\/it\/servizi-consolari-e-visti\/servizi-per-il-cittadino-italiano\/codice-fiscale\/\" target=\"_blank\" rel=\"noopener\"><strong><em>informazioni generali sul Codice Fiscale<\/em><\/strong><\/a>)<\/p>\n<ul>\n<li><a href=\"https:\/\/ambaddisabeba.esteri.it\/wp-content\/uploads\/2023\/09\/modello_editabile_aa4_8_aa4-8_ita.pdf\">Modello AA4\/8 per la richiesta di attribuzione del Codice Fiscale<\/a> (also available in English &#8211; <a href=\"https:\/\/ambaddisabeba.esteri.it\/wp-content\/uploads\/2023\/09\/form_aa48_editable_aa4_8_modello_ing.pdf\">click here<\/a>)<\/li>\n<li><a href=\"https:\/\/ambaddisabeba.esteri.it\/wp-content\/uploads\/2023\/09\/istruzioni_cf_aa48_istruzioni_modello_aa4_8.pdf\">Istruzioni per la compilazione del modello AA4\/8<\/a><\/li>\n<\/ul>\n<p>&nbsp;<\/p>\n<p><strong>STATO CIVILE<\/strong>\u00a0\u00a0\u00a0 (<a href=\"https:\/\/ambaddisabeba.esteri.it\/it\/servizi-consolari-e-visti\/servizi-per-il-cittadino-italiano\/stato-civile\/\" target=\"_blank\" rel=\"noopener\"><strong><em>informazioni generali sullo Stato Civile<\/em><\/strong><\/a>)<\/p>\n<ul>\n<li><a href=\"https:\/\/ambaddisabeba.esteri.it\/wp-content\/uploads\/2024\/10\/Richiesta-trascrizione-atto-di-nascita.pdf\" target=\"_blank\" rel=\"noopener\">Richiesta di trascrizione Atto di Nascita<\/a><\/li>\n<li><a href=\"https:\/\/ambaddisabeba.esteri.it\/wp-content\/uploads\/2024\/10\/Richiesta-trascrizione-matrimonio.pdf\" target=\"_blank\" rel=\"noopener\">Richiesta di trascrizione Atto di Matrimonio<\/a><\/li>\n<li><a href=\"https:\/\/ambaddisabeba.esteri.it\/wp-content\/uploads\/2024\/10\/Richiesta-trascrizione-sentenza-divorzio.pdf\" target=\"_blank\" rel=\"noopener\">Richiesta di trascrizione sentenza di Divorzio<\/a><\/li>\n<li><a href=\"https:\/\/ambaddisabeba.esteri.it\/wp-content\/uploads\/2024\/10\/Richiesta-trascrizione-atto-di-morte.pdf\" target=\"_blank\" rel=\"noopener\">Richiesta di trascrizione Atto di Morte<\/a><\/li>\n<li><a href=\"https:\/\/ambaddisabeba.esteri.it\/wp-content\/uploads\/2023\/09\/modello_richiesta_celebrazione_matrimonio_in_consolato.docx\">Istanza di celebrazione matrimonio consolare<\/a><\/li>\n<\/ul>\n<p>&nbsp;<\/p>\n<p><strong>ASSISTENZA<\/strong>\u00a0\u00a0\u00a0 (<a href=\"https:\/\/ambaddisabeba.esteri.it\/it\/servizi-consolari-e-visti\/servizi-per-il-cittadino-italiano\/assistenza-ai-cittadini-allestero\/\" target=\"_blank\" rel=\"noopener\"><strong><em>informazioni generali sull&#8217;Assistenza consolare ai Connazionali<\/em><\/strong><\/a>)<\/p>\n<ul>\n<li>Richiesta di assistenza diretta per indigenza<\/li>\n<li>Richiesta per l&#8217;assistenza sanitaria in Italia<\/li>\n<li>Richiesta di esenzione doganale per le masserizie<\/li>\n<li>Richiesta di esenzione doganale per gli apparati radiotelevisivi e videoregistratori<\/li>\n<li>Richiesta certificato di cittadinanza<\/li>\n<li>Richiesta certificato di residenza<\/li>\n<li>Richiesta certificato stato di famiglia<\/li>\n<li>Richiesta di certificazione pensione<\/li>\n<\/ul>\n<p>&nbsp;<\/p>\n<p><strong>PATENTE DI GUIDA<\/strong> (<a href=\"https:\/\/ambaddisabeba.esteri.it\/it\/servizi-consolari-e-visti\/servizi-per-il-cittadino-italiano\/autoveicoli-e-patenti-di-guida\/\" target=\"_blank\" rel=\"noopener\"><strong><em>informazioni generali su autoveicoli e patenti di guida<\/em><\/strong><\/a>)<\/p>\n<ul>\n<li>Richiesta di rinnovo della Patente di Guida<\/li>\n<li>Formulario visita medica<\/li>\n<\/ul>\n<p>&nbsp;<\/p>\n<p><strong>CITTADINANZA<\/strong> (<a href=\"https:\/\/ambaddisabeba.esteri.it\/it\/servizi-consolari-e-visti\/servizi-per-il-cittadino-straniero\/cittadinanza\/\" target=\"_blank\" rel=\"noopener\"><strong><em>informazioni generali sulla cittadinanza<\/em><\/strong><\/a>)<\/p>\n<ul>\n<li><a href=\"https:\/\/ambaddisabeba.esteri.it\/wp-content\/uploads\/2024\/10\/Istanza-di-riconoscimento-citt.-italiana-i.s.pdf\" target=\"_blank\" rel=\"noopener\">Richiesta di cittadinanza italiana <em>iure sanguinis<\/em><\/a><\/li>\n<\/ul>\n<p>&nbsp;<\/p>\n<p><strong>NOTARILE<\/strong>\u00a0 (<a href=\"https:\/\/ambaddisabeba.esteri.it\/it\/servizi-consolari-e-visti\/servizi-per-il-cittadino-italiano\/servizi-notarili\/\" target=\"_blank\" rel=\"noopener\"><strong><em>informazioni generali sui servizi notarili<\/em><\/strong><\/a>)<\/p>\n<ul>\n<li>Dichiarazione sostitutiva di certificazione<\/li>\n<li>Dichiarazione sostitutiva dell&#8217;Atto di Notoriet\u00e0<\/li>\n<li>Dichiarazione sostitutiva di certificazioni precompilata<\/li>\n<li>Delega notarile<\/li>\n<li>Procura speciale (Italiano)<\/li>\n<li>Procura speciale alle Liti (Italiano)<\/li>\n<li>Procura Generale (Italiano)<\/li>\n<li>Procura Generale alle Liti (Italiano)<\/li>\n<li>Procura per successione (Italiano)<\/li>\n<li>Revoca di Procura-Atto Notarile (Italiano)<\/li>\n<\/ul>\n<p>&nbsp;<\/p>\n","protected":false},"excerpt":{"rendered":"In questa sezione \u00e8 possibile visionare e scaricare i moduli necessari per il disbrigo delle principali pratiche consolari. &nbsp; CARTA DI IDENTIT\u00c0 ELETTRONICA (C.I.E.) (informazioni generali sulle carte di identit\u00e0) Richiesta di emissione della carta d&#8217;identit\u00e0 per cittadini maggiorenni Richiesta di emissione della carta d&#8217;identit\u00e0 a favore di figlio minore Atto di assenso in favore [&hellip;]","protected":false},"author":4,"featured_media":0,"parent":47,"menu_order":1,"comment_status":"closed","ping_status":"closed","template":"","meta":{"footnotes":""},"class_list":["post-394","page","type-page","status-publish","hentry"],"_links":{"self":[{"href":"https:\/\/ambaddisabeba.esteri.it\/it\/wp-json\/wp\/v2\/pages\/394","targetHints":{"allow":["GET"]}}],"collection":[{"href":"https:\/\/ambaddisabeba.esteri.it\/it\/wp-json\/wp\/v2\/pages"}],"about":[{"href":"https:\/\/ambaddisabeba.esteri.it\/it\/wp-json\/wp\/v2\/types\/page"}],"author":[{"embeddable":true,"href":"https:\/\/ambaddisabeba.esteri.it\/it\/wp-json\/wp\/v2\/users\/4"}],"replies":[{"embeddable":true,"href":"https:\/\/ambaddisabeba.esteri.it\/it\/wp-json\/wp\/v2\/comments?post=394"}],"version-history":[{"count":7,"href":"https:\/\/ambaddisabeba.esteri.it\/it\/wp-json\/wp\/v2\/pages\/394\/revisions"}],"predecessor-version":[{"id":3236,"href":"https:\/\/ambaddisabeba.esteri.it\/it\/wp-json\/wp\/v2\/pages\/394\/revisions\/3236"}],"up":[{"embeddable":true,"href":"https:\/\/ambaddisabeba.esteri.it\/it\/wp-json\/wp\/v2\/pages\/47"}],"wp:attachment":[{"href":"https:\/\/ambaddisabeba.esteri.it\/it\/wp-json\/wp\/v2\/media?parent=394"}],"curies":[{"name":"wp","href":"https:\/\/api.w.org\/{rel}","templated":true}]}}