{"id":310,"date":"2023-09-01T16:28:14","date_gmt":"2023-09-01T13:28:14","guid":{"rendered":"https:\/\/ambaddisabeba.esteri.it\/?page_id=310"},"modified":"2026-01-26T12:58:36","modified_gmt":"2026-01-26T09:58:36","slug":"calendario-delle-festivita","status":"publish","type":"page","link":"https:\/\/ambaddisabeba.esteri.it\/it\/chi-siamo\/la-sede\/calendario-delle-festivita\/","title":{"rendered":"Calendario delle festivit\u00e0"},"content":{"rendered":"<p><strong>Festivit\u00e0 osservate dall\u2019Ambasciata e dalla Cancelleria Consolare per l&#8217;anno 2026<\/strong><\/p>\n<ul>\n<li>Mercoled\u00ec 1 gennaio &#8211; Capodanno<\/li>\n<li>Domenica 19 gennaio &#8211; Timkat (Epifania Etiopica)<\/li>\n<li>Luned\u00ec 6 aprile &#8211; Luned\u00ec dell&#8217;Angelo<\/li>\n<li>Sabato 25 aprile &#8211; Festa della Liberazione<\/li>\n<li>Venerd\u00ec 1 maggio &#8211; Festa del Lavoro<\/li>\n<li>Marted\u00ec 2 giugno &#8211; Festa della Repubblica Italiana<\/li>\n<li>Sabato 15 Agosto &#8211; Assunzione della Beata Vergine Maria<\/li>\n<li>Venerd\u00ec 11 settembre &#8211; Capodanno Etiopico<\/li>\n<li>Domenica 27 settembre &#8211; Meskel (Festa della Croce)<\/li>\n<li>Venerd\u00ec 25 dicembre &#8211; Santo Natale<\/li>\n<li>Sabato 26 dicembre &#8211; Santo Stefano<\/li>\n<\/ul>\n","protected":false},"excerpt":{"rendered":"Festivit\u00e0 osservate dall\u2019Ambasciata e dalla Cancelleria Consolare per l&#8217;anno 2026 Mercoled\u00ec 1 gennaio &#8211; Capodanno Domenica 19 gennaio &#8211; Timkat (Epifania Etiopica) Luned\u00ec 6 aprile &#8211; Luned\u00ec dell&#8217;Angelo Sabato 25 aprile &#8211; Festa della Liberazione Venerd\u00ec 1 maggio &#8211; Festa del Lavoro Marted\u00ec 2 giugno &#8211; Festa della Repubblica Italiana Sabato 15 Agosto &#8211; Assunzione [&hellip;]","protected":false},"author":4,"featured_media":0,"parent":39,"menu_order":0,"comment_status":"closed","ping_status":"closed","template":"","meta":{"footnotes":""},"class_list":["post-310","page","type-page","status-publish","hentry"],"_links":{"self":[{"href":"https:\/\/ambaddisabeba.esteri.it\/it\/wp-json\/wp\/v2\/pages\/310","targetHints":{"allow":["GET"]}}],"collection":[{"href":"https:\/\/ambaddisabeba.esteri.it\/it\/wp-json\/wp\/v2\/pages"}],"about":[{"href":"https:\/\/ambaddisabeba.esteri.it\/it\/wp-json\/wp\/v2\/types\/page"}],"author":[{"embeddable":true,"href":"https:\/\/ambaddisabeba.esteri.it\/it\/wp-json\/wp\/v2\/users\/4"}],"replies":[{"embeddable":true,"href":"https:\/\/ambaddisabeba.esteri.it\/it\/wp-json\/wp\/v2\/comments?post=310"}],"version-history":[{"count":7,"href":"https:\/\/ambaddisabeba.esteri.it\/it\/wp-json\/wp\/v2\/pages\/310\/revisions"}],"predecessor-version":[{"id":4295,"href":"https:\/\/ambaddisabeba.esteri.it\/it\/wp-json\/wp\/v2\/pages\/310\/revisions\/4295"}],"up":[{"embeddable":true,"href":"https:\/\/ambaddisabeba.esteri.it\/it\/wp-json\/wp\/v2\/pages\/39"}],"wp:attachment":[{"href":"https:\/\/ambaddisabeba.esteri.it\/it\/wp-json\/wp\/v2\/media?parent=310"}],"curies":[{"name":"wp","href":"https:\/\/api.w.org\/{rel}","templated":true}]}}