{"id":2333,"date":"2024-05-13T10:04:13","date_gmt":"2024-05-13T07:04:13","guid":{"rendered":"https:\/\/ambaddisabeba.esteri.it\/?page_id=2333"},"modified":"2024-10-02T09:29:49","modified_gmt":"2024-10-02T06:29:49","slug":"carta-di-identita-elettronica-c-i-e","status":"publish","type":"page","link":"https:\/\/ambaddisabeba.esteri.it\/it\/servizi-consolari-e-visti\/servizi-per-il-cittadino-italiano\/carta-di-identita-elettronica-c-i-e\/","title":{"rendered":"Carta di identit\u00e0 elettronica (C.I.E.)"},"content":{"rendered":"<p>La <strong>Carta di identit\u00e0 Elettronica (CIE)<\/strong> \u00e8 un documento multifunzionale: attesta l\u2019identit\u00e0 del cittadino, \u00e8 un documento di viaggio, riporta il codice fiscale e si pu\u00f2 utilizzare per richiedere un\u2019identit\u00e0 sul sistema SPID (Sistema Pubblico di Identit\u00e0 Digitale) con cui accedere ai Servizi erogati dalle Pubbliche Amministrazioni Italiane.<\/p>\n<p>La carta d\u2019identit\u00e0 \u00e8 un documento personale di riconoscimento valido per identificarsi e circolare nell\u2019Unione Europea, in alcuni Stati aderenti all\u2019accordo di Schengen (ad es. Islanda, Norvegia e Svizzera) e in altri Stati con cui sono stati raggiunti accordi bilaterali (vedasi le singole \u201cschede Paese\u201d sul sito\u00a0<a href=\"http:\/\/www.viaggiaresicuri.it\/\">www.viaggiaresicuri.it<\/a>)<\/p>\n<p>La CIE viene rilasciata dagli Uffici consolari abilitati (Paesi dell\u2019Unione Europea, Gran Bretagna, Svizzera, Norvegia, Principato di Monaco, San Marino e Santa Sede \u2013 Citt\u00e0 del Vaticano) e <strong>in via sperimentale in alcune sedi consolari in Paesi extraeuropei, tra cui a partire dal 15\/05\/2024 anche l\u2019Ambasciata d\u2019Italia in Addis Abeba<\/strong>.<\/p>\n<p>La CIE pu\u00f2 essere rilasciata esclusivamente ai cittadini italiani regolarmente residenti nella propria circoscrizione consolare, che siano gi\u00e0 registrati nello schedario consolare e i cui dati anagrafici siano gi\u00e0 presenti nella banca dati A.I.R.E. (Anagrafe degli Italiani Residenti all\u2019Estero) del Ministero dell\u2019Interno (e in futuro in ANPR).<\/p>\n<p>Ai fini dell\u2019emissione della CIE \u00e8 inoltre necessario possedere il\u00a0<strong>codice fiscale validato.\u00a0<\/strong>In mancanza, il codice fiscale stesso sar\u00e0 attribuito o validato dall\u2019Agenzia delle Entrate per il tramite dell\u2019Ufficio consolare preliminarmente al rilascio della CIE<strong>\u00a0 &#8211; <\/strong>consultare l\u2019<a href=\"https:\/\/ambaddisabeba.esteri.it\/it\/servizi-consolari-e-visti\/servizi-per-il-cittadino-italiano\/codice-fiscale\/\">apposita sezione dedicata al \u201cCodice Fiscale\u201d<\/a>.<\/p>\n<p>&nbsp;<\/p>\n<p><strong>Validit\u00e0 temporale<\/strong><\/p>\n<p>La validit\u00e0 della carta d\u2019identit\u00e0 varia a seconda all\u2019et\u00e0 del titolare:<\/p>\n<ul>\n<li>\u00a03 anni per i minori di et\u00e0 inferiore a 3 anni;<\/li>\n<li>\u00a05 anni per i minori di et\u00e0 compresa tra i 3\u00a0e i 18 anni;<\/li>\n<li>\u00a010 anni per i maggiorenni.<\/li>\n<\/ul>\n<p>&nbsp;<\/p>\n<p><strong>Modalit\u00e0 di richiesta<\/strong><\/p>\n<p>La richiesta della carta d\u2019identit\u00e0 elettronica deve essere presentata utilizzando la piattaforma Prenot@Mi o scrivendo al seguente indirizzo email: <a href=\"mailto:consolato.addisabeba@esteri.it\">consolato.addisabeba@esteri.it<\/a> .<\/p>\n<p>Dal momento della richiesta alla data fissata per l\u2019appuntamento trascorrono almeno 15 giorni, necessari per consentire all\u2019ufficio consolare di effettuare il controllo dei dati anagrafici, risolvere eventuali disallineamenti e verificare che non sussistano cause ostative al rilascio del documento.<\/p>\n<p><strong>Si ricorda che l\u2019iscrizione in A.I.R.E. \u00e8 indispensabile ai fini della presentazione della domanda di emissione della CIE. \u00c8 altres\u00ec indispensabile, per i cittadini italiani nati all\u2019estero, che il relativo atto di nascita risulti gi\u00e0 trascritto nei registri di Stato Civile del Comune di riferimento.<\/strong><\/p>\n<p>&nbsp;<\/p>\n<p><strong>Appuntamento e documentazione da presentare:<\/strong><\/p>\n<p>All\u2019appuntamento il cittadino dovr\u00e0 presentarsi con i seguenti\u00a0<strong>documenti<\/strong>:<\/p>\n<ul>\n<li>documento di riconoscimento ai sensi del D.P.R. 445\/2000. Se non ne \u00e8 in possesso, il richiedente dovr\u00e0 presentarsi accompagnato da due testimoni;<\/li>\n<li><a href=\"https:\/\/ambaddisabeba.esteri.it\/it\/servizi-consolari-e-visti\/servizi-per-il-cittadino-italiano\/modulistica\/\">atto di assenso di entrambi genitori<\/a>, nel caso in cui il richiedente sia un minore di 18 anni<\/li>\n<li>solo per i minori di 5 anni: 1 fototessera, <a href=\"https:\/\/www.esteri.it\/it\/servizi-consolari-e-visti\/italiani-all-estero\/documenti_di_viaggio\/linee-guida-foto-icao\/\">conforme alla normativa ICAO<\/a><\/li>\n<\/ul>\n<p>Al momento dell\u2019appuntamento l\u2019operatore consolare acquisir\u00e0\u00a0<strong>la foto e, salvo che per i minori di 12 anni, le impronte digitali<\/strong>,\u00a0<strong>e la firma<\/strong>, che saranno registrate in sicurezza all\u2019interno del microchip presente nella propria CIE e non depositate in nessun altro luogo.<\/p>\n<p>&nbsp;<\/p>\n<p><strong>Costo<\/strong><\/p>\n<p>Il costo del documento \u00e8 di:<\/p>\n<ul>\n<li>\u00a0<strong>21,95\u00a0<\/strong>euro complessivi, in caso di primo rilascio o rinnovo;<\/li>\n<li>\u00a0<strong>27,11<\/strong> euro complessivi in caso di duplicato per furto o smarrimento.<\/li>\n<\/ul>\n<p>Il pagamento dovr\u00e0 essere effettuato\u00a0in contanti in valuta locale Birr, o con carta di credito\/debito etiopica (Nota bene: il tasso di cambio consolare applicato varia trimestralmente, \u00e8 possibile consultare il pi\u00f9 recente tasso di cambio consolare nella\u00a0<a href=\"https:\/\/ambaddisabeba.esteri.it\/it\/servizi-consolari-e-visti\/servizi-per-il-cittadino-italiano\/albo-consolare-e-altri-servizi\/\">sezione \u201cDecreti Consolari\u201d<\/a>\u00a0della\u00a0<a href=\"https:\/\/ambaddisabeba.esteri.it\/it\/servizi-consolari-e-visti\/servizi-per-il-cittadino-italiano\/albo-consolare-e-altri-servizi\/\">pagina \u201cAlbo Consolare\u201d<\/a>).<\/p>\n<p>&nbsp;<\/p>\n<p><strong>Consegna della carta d\u2019identit\u00e0<\/strong><\/p>\n<p>La CIE viene stampata e poi recapitata a mezzo posta presso l\u2019indirizzo di questa Ambasciata d\u2019Italia in Addis Abeba, a cura dell\u2019Istituto Poligrafico e Zecca dello Stato, a partire dai 15 giorni dall\u2019invio in produzione con tempi di consegna che possono variare a seconda dei Paesi di destinazione.<\/p>\n<p>Una volta ricevuta la CIE questa Ambasciata provveder\u00e0 a convocare il connazionale per il ritiro della stessa.<\/p>\n<p>&nbsp;<\/p>\n<p><strong>Rinvenimento carte d\u2019identit\u00e0<\/strong><\/p>\n<p>Le carte d\u2019identit\u00e0 oggetto di furto o smarrimento all\u2019estero, in caso di rinvenimento, vengono di norma restituite agli Uffici consolari nella cui circoscrizione \u00e8 avvenuto il furto o lo smarrimento.<\/p>\n<p>Si invitano pertanto coloro che abbiano recentemente subito all\u2019estero un furto\/smarrimento e vogliano verificare se la propria carta d\u2019identit\u00e0 sia stata rinvenuta, a contattare l\u2019Ufficio consolare territorialmente competente per ulteriori informazioni in merito.<\/p>\n<p>L\u2019eventuale ritiro dei predetti documenti potr\u00e0 avvenire, presso l\u2019Ufficio consolare dove \u00e8 avvenuto il rinvenimento.<\/p>\n<p>Con riferimento alle carte di identit\u00e0 rilasciate dalla Rete consolare rubate o smarrite all\u2019estero, sar\u00e0 cura degli Uffici consolari comunicarne il rinvenimento al titolare, evidenziando che le stesse saranno distrutte nel caso in cui non ne sia stata richiesta la restituzione trascorso un anno dalla data del rinvenimento.<\/p>\n","protected":false},"excerpt":{"rendered":"La Carta di identit\u00e0 Elettronica (CIE) \u00e8 un documento multifunzionale: attesta l\u2019identit\u00e0 del cittadino, \u00e8 un documento di viaggio, riporta il codice fiscale e si pu\u00f2 utilizzare per richiedere un\u2019identit\u00e0 sul sistema SPID (Sistema Pubblico di Identit\u00e0 Digitale) con cui accedere ai Servizi erogati dalle Pubbliche Amministrazioni Italiane. La carta d\u2019identit\u00e0 \u00e8 un documento personale [&hellip;]","protected":false},"author":4,"featured_media":0,"parent":47,"menu_order":0,"comment_status":"closed","ping_status":"closed","template":"","meta":{"footnotes":""},"class_list":["post-2333","page","type-page","status-publish","hentry"],"_links":{"self":[{"href":"https:\/\/ambaddisabeba.esteri.it\/it\/wp-json\/wp\/v2\/pages\/2333","targetHints":{"allow":["GET"]}}],"collection":[{"href":"https:\/\/ambaddisabeba.esteri.it\/it\/wp-json\/wp\/v2\/pages"}],"about":[{"href":"https:\/\/ambaddisabeba.esteri.it\/it\/wp-json\/wp\/v2\/types\/page"}],"author":[{"embeddable":true,"href":"https:\/\/ambaddisabeba.esteri.it\/it\/wp-json\/wp\/v2\/users\/4"}],"replies":[{"embeddable":true,"href":"https:\/\/ambaddisabeba.esteri.it\/it\/wp-json\/wp\/v2\/comments?post=2333"}],"version-history":[{"count":4,"href":"https:\/\/ambaddisabeba.esteri.it\/it\/wp-json\/wp\/v2\/pages\/2333\/revisions"}],"predecessor-version":[{"id":2793,"href":"https:\/\/ambaddisabeba.esteri.it\/it\/wp-json\/wp\/v2\/pages\/2333\/revisions\/2793"}],"up":[{"embeddable":true,"href":"https:\/\/ambaddisabeba.esteri.it\/it\/wp-json\/wp\/v2\/pages\/47"}],"wp:attachment":[{"href":"https:\/\/ambaddisabeba.esteri.it\/it\/wp-json\/wp\/v2\/media?parent=2333"}],"curies":[{"name":"wp","href":"https:\/\/api.w.org\/{rel}","templated":true}]}}