{"id":13,"date":"2023-04-11T17:07:36","date_gmt":"2023-04-11T15:07:36","guid":{"rendered":"https:\/\/ambasciatapraga.esteri.it\/?page_id=13"},"modified":"2023-09-04T16:48:22","modified_gmt":"2023-09-04T13:48:22","slug":"chi-siamo","status":"publish","type":"page","link":"https:\/\/ambaddisabeba.esteri.it\/it\/chi-siamo\/","title":{"rendered":"Chi siamo"},"content":{"rendered":"<p class=\"boxLevel03\"><img loading=\"lazy\" decoding=\"async\" class=\"alignnone wp-image-245 img-fluid\" src=\"https:\/\/ambaddisabeba.esteri.it\/wp-content\/uploads\/2023\/08\/cancelleria-diplomatica-lowres-2020.05.27-300x99.jpg\" alt=\"cancelleria-diplomatica-lowres-2020.05.27\" width=\"806\" height=\"266\" srcset=\"https:\/\/ambaddisabeba.esteri.it\/wp-content\/uploads\/2023\/08\/cancelleria-diplomatica-lowres-2020.05.27-300x99.jpg 300w, https:\/\/ambaddisabeba.esteri.it\/wp-content\/uploads\/2023\/08\/cancelleria-diplomatica-lowres-2020.05.27-1024x337.jpg 1024w, https:\/\/ambaddisabeba.esteri.it\/wp-content\/uploads\/2023\/08\/cancelleria-diplomatica-lowres-2020.05.27-768x253.jpg 768w, https:\/\/ambaddisabeba.esteri.it\/wp-content\/uploads\/2023\/08\/cancelleria-diplomatica-lowres-2020.05.27.jpg 1138w\" sizes=\"auto, (max-width: 806px) 100vw, 806px\" \/><\/p>\n<p class=\"boxLevel03\" style=\"text-align: center;\"><strong>\u00a0<\/strong>La Cancelleria Diplomatica<\/p>\n<p>&nbsp;<\/p>\n<h5><em>Ambasciata d&#8217;Italia<\/em><\/h5>\n<p><em>Villa Italia, Keben\u00e0 &#8211; P. O. Box 1105 &#8211; Addis Ababa<br \/>\nFederal Democratic Republic of Ethiopia<\/em><\/p>\n<p>&nbsp;<\/p>\n<p><strong>Accreditamenti\u00a0secondari Capo Missione:\u00a0<\/strong><\/p>\n<ul>\n<li>Repubblica di Gibuti<\/li>\n<li>Repubblica del Sud Sudan<\/li>\n<li>IGAD (Autorit\u00e0 Intergovernativa per lo Sviluppo)<\/li>\n<\/ul>\n<p>&nbsp;<\/p>\n<hr \/>\n<p>L&#8217;Ambasciata d&#8217;Italia in Addis Abeba \u00e8 aperta dal luned\u00ec al\u00a0venerd\u00ec. Per conoscere il calendario delle festivit\u00e0 osservate dalla sede,\u00a0<a href=\"https:\/\/ambaddisabeba.esteri.it\/it\/chi-siamo\/la-sede\/calendario-delle-festivita\/\"><strong>clicca qui<\/strong><\/a>.<\/p>\n<p>Nella pagina <strong><a href=\"https:\/\/ambaddisabeba.esteri.it\/it\/chi-siamo\/contatti\/\">Contatti<\/a>\u00a0<\/strong>si trovano tutte le informazioni sulla struttura ed i\u00a0contatti dell&#8217;Ambasciata.<\/p>\n<p>&nbsp;<\/p>\n<hr \/>\n<p>&nbsp;<\/p>\n<p><strong>Come raggiungerci<\/strong><\/p>\n<p><iframe loading=\"lazy\" src=\"https:\/\/www.google.com\/maps\/embed?pb=!1m18!1m12!1m3!1d3940.176765635794!2d38.78397791477205!3d9.047635193507933!2m3!1f0!2f0!3f0!3m2!1i1024!2i768!4f13.1!3m3!1m2!1s0x164b8f98f15adf6f%3A0x8cc090084b09e07f!2sEmbassy+of+Italy!5e0!3m2!1sit!2sde!4v1556521683877!5m2!1sit!2sde\" width=\"600\" height=\"450\" frameborder=\"0\" allowfullscreen=\"allowfullscreen\" data-mce-fragment=\"1\"><\/iframe><\/p>\n","protected":false},"excerpt":{"rendered":"\u00a0La Cancelleria Diplomatica &nbsp; Ambasciata d&#8217;Italia Villa Italia, Keben\u00e0 &#8211; P. O. Box 1105 &#8211; Addis Ababa Federal Democratic Republic of Ethiopia &nbsp; Accreditamenti\u00a0secondari Capo Missione:\u00a0 Repubblica di Gibuti Repubblica del Sud Sudan IGAD (Autorit\u00e0 Intergovernativa per lo Sviluppo) &nbsp; L&#8217;Ambasciata d&#8217;Italia in Addis Abeba \u00e8 aperta dal luned\u00ec al\u00a0venerd\u00ec. Per conoscere il calendario delle [&hellip;]","protected":false},"author":1,"featured_media":0,"parent":0,"menu_order":2,"comment_status":"closed","ping_status":"closed","template":"","meta":{"footnotes":""},"class_list":["post-13","page","type-page","status-publish","hentry"],"_links":{"self":[{"href":"https:\/\/ambaddisabeba.esteri.it\/it\/wp-json\/wp\/v2\/pages\/13","targetHints":{"allow":["GET"]}}],"collection":[{"href":"https:\/\/ambaddisabeba.esteri.it\/it\/wp-json\/wp\/v2\/pages"}],"about":[{"href":"https:\/\/ambaddisabeba.esteri.it\/it\/wp-json\/wp\/v2\/types\/page"}],"author":[{"embeddable":true,"href":"https:\/\/ambaddisabeba.esteri.it\/it\/wp-json\/wp\/v2\/users\/1"}],"replies":[{"embeddable":true,"href":"https:\/\/ambaddisabeba.esteri.it\/it\/wp-json\/wp\/v2\/comments?post=13"}],"version-history":[{"count":6,"href":"https:\/\/ambaddisabeba.esteri.it\/it\/wp-json\/wp\/v2\/pages\/13\/revisions"}],"predecessor-version":[{"id":360,"href":"https:\/\/ambaddisabeba.esteri.it\/it\/wp-json\/wp\/v2\/pages\/13\/revisions\/360"}],"wp:attachment":[{"href":"https:\/\/ambaddisabeba.esteri.it\/it\/wp-json\/wp\/v2\/media?parent=13"}],"curies":[{"name":"wp","href":"https:\/\/api.w.org\/{rel}","templated":true}]}}