{"id":1085,"date":"2023-10-06T15:23:25","date_gmt":"2023-10-06T12:23:25","guid":{"rendered":"https:\/\/ambaddisabeba.esteri.it\/?page_id=1085"},"modified":"2023-10-09T11:19:45","modified_gmt":"2023-10-09T08:19:45","slug":"dichiarazione-sostitutiva-dellatto-di-notorieta","status":"publish","type":"page","link":"https:\/\/ambaddisabeba.esteri.it\/it\/servizi-consolari-e-visti\/servizi-per-il-cittadino-italiano\/autocertificazione\/dichiarazione-sostitutiva-dellatto-di-notorieta\/","title":{"rendered":"Dichiarazione sostitutiva dell&#8217;atto di notoriet\u00e0"},"content":{"rendered":"<p>La Dichiarazione Sostitutiva dell&#8217;atto di notoriet\u00e0 \u00e8 una dichiarazione personale per attestare fatti, stati e qualit\u00e0 personali, non ricompresi fra quelli previsti per l&#8217;autocertificazione, che siano a diretta conoscenza dell\u2019interessato. I fatti, gli stati e le qualit\u00e0 possono essere relativi anche ad altri soggetti, purch\u00e9 il dichiarante abbia un personale interesse a rilasciare la dichiarazione (ad esempio la propriet\u00e0 d&#8217;immobili, l&#8217;eredit\u00e0, ecc.).<\/p>\n<p>Viene redatta in carta semplice, e pu\u00f2 riportare <strong>stati<\/strong>\u00a0(essere proprietario di un immobile, essere erede di una certa persona, \u2026),\u00a0<strong>qualit\u00e0 personali<\/strong>\u00a0(essere titolare d\u2019impresa; non essere soggetto all\u2019imposta sui redditi, \u2026) o\u00a0<strong>fatti<\/strong>\u00a0(avere subito danni a causa di una calamit\u00e0 naturale, \u2026) di cui il dichiarante sia a diretta conoscenza. La dichiarazione pu\u00f2 anche sostituire l\u2019attestazione di conformit\u00e0 all\u2019originale per le\u00a0<strong>fotocopie<\/strong>\u00a0di documenti conservati o rilasciati da una pubblica amministrazione, copie di pubblicazioni, di titoli di studio o di servizio e di documenti fiscali conservati da privati (registri, fatture, \u2026).<\/p>\n<p>&nbsp;<\/p>\n<p><strong>COSA\u00a0<u>NON<\/u>\u00a0PU\u00d2<\/strong>\u00a0<strong>RIGUARDARE:<\/strong><\/p>\n<ul>\n<li><strong>stati<\/strong>,\u00a0<strong>qualit\u00e0 personali<\/strong>\u00a0o <strong>fatti<\/strong>\u00a0che <a href=\"https:\/\/www.normattiva.it\/uri-res\/N2Ls?urn:nir:stato:decreto.del.presidente.della.repubblica:2000-12-28;445\">la legge<\/a>\u00a0prevede debbano essere oggetto di\u00a0<a href=\"https:\/\/ambaddisabeba.esteri.it\/it\/servizi-consolari-e-visti\/servizi-per-il-cittadino-italiano\/autocertificazione\/atto-notorio-2\/\"><u>atto notorio<\/u><\/a>\u00a0o che, al contrario, possano essere\u00a0<a href=\"https:\/\/ambaddisabeba.esteri.it\/it\/servizi-consolari-e-visti\/servizi-per-il-cittadino-italiano\/autocertificazione\/autocertificazione\/\"><u>autocertificati<\/u><\/a>;<\/li>\n<li>certificati medici, sanitari, veterinari, di origine, di conformit\u00e0 CE, di marchi o brevetti, (per questi \u00e8 necessario presentare i certificati stessi);<\/li>\n<li>manifestazioni di volont\u00e0 (rinunce, accettazioni, procure, \u2026).<\/li>\n<\/ul>\n<p><strong>NB:<\/strong>\u00a0in molti casi, quindi, la dichiarazione sostitutiva non viene richiesta, perch\u00e9 sufficiente l\u2019<a href=\"https:\/\/ambaddisabeba.esteri.it\/it\/servizi-consolari-e-visti\/servizi-per-il-cittadino-italiano\/autocertificazione\/autocertificazione\/\"><u>autocertificazione<\/u><\/a>. Si invitano pertanto gli interessati a verificare autonomamente quale atto venga richiesto nel proprio caso specifico.<\/p>\n<p>&nbsp;<\/p>\n<p><strong>CON CHI SI PU\u00d2 USARE:<\/strong><\/p>\n<ul>\n<li>con la\u00a0<strong>pubblica amministrazione<\/strong>\u00a0(Comuni, Consolati, \u2026);<\/li>\n<li>con i\u00a0<strong>gestori di servizi pubblici<\/strong>\u00a0(ENEL, Aci, Telecom, \u2026);<\/li>\n<li>con i\u00a0<strong>privati<\/strong>\u00a0(banche, assicurazioni, aziende, ecc..), a patto che questi acconsentano a riceverla e che l\u2019interessato stesso presti il suo consenso al controllo dei dati presso l\u2019Amministrazione che li detiene. In questo caso, quindi, gli interessati dovranno innanzitutto verificare con l\u2019ente privato in questione se sia necessario produrre un vero e proprio\u00a0<a href=\"https:\/\/ambaddisabeba.esteri.it\/it\/servizi-consolari-e-visti\/servizi-per-il-cittadino-italiano\/autocertificazione\/atto-notorio-2\/\">atto notorio<\/a>\u00a0o se la dichiarazione sostitutiva sia sufficiente.<\/li>\n<\/ul>\n<p>&nbsp;<\/p>\n<p><strong>CHI PU\u00d2 SOTTOSCRIVERLA:<\/strong><\/p>\n<ul>\n<li>maggiorenni cittadini\u00a0<strong>italiani<\/strong>;<\/li>\n<li>maggiorenni cittadini di paesi membri dell\u2019<strong>UE<\/strong>\u00a0;<\/li>\n<li>maggiorenni cittadini\u00a0<strong>extracomunitari<\/strong>\u00a0regolarmente soggiornanti in Italia (solo se i dati ed i fatti oggetto di dichiarazione possono essere verificati presso soggetti pubblici italiani e per quelle materie per le quali esiste una convenzione tra l\u2019Italia ed il loro paese di provenienza).<\/li>\n<\/ul>\n<p>&nbsp;<\/p>\n<p><strong>COME SI PRESENTA:<\/strong><\/p>\n<p>Nella maggior parte dei casi, le dichiarazioni sostitutive di atto notorio\u00a0<strong>non<\/strong>\u00a0necessitano di autentica di firma, ma sar\u00e0 necessario allegare alla dichiarazione firmata una fotocopia di un documento di identit\u00e0 in corso di validit\u00e0 del firmatario.<\/p>\n<p><strong>Se la dichiarazione \u00e8 rivolta ad una Pubblica Amministrazione o a un gestore di servizio pubblico<\/strong>, <strong>essa pu\u00f2 essere firmata davanti al funzionario competente a ricevere la documentazione oppure trasmessa per posta o fax allegando la fotocopia non autenticata di un documento d&#8217;identit\u00e0 in corso di validit\u00e0.<\/strong><\/p>\n<p><strong><a href=\"https:\/\/ambaddisabeba.esteri.it\/it\/servizi-consolari-e-visti\/servizi-per-il-cittadino-italiano\/servizi-notarili\/autenticazione-di-firma\/\">La firma deve essere autenticata<\/a><\/strong> quando la dichiarazione debba essere presentata:<\/p>\n<ul>\n<li>a soggetti\u00a0<strong>privati\u200b\u200b\u200b\u200b\u200b<\/strong>, come banche, assicurazioni, ecc. (ad es. la Dichiarazione Sostitutiva di Atto Notorio da consegnare a una banca o alle Poste Italiane per attestare la qualit\u00e0 di erede);<\/li>\n<li>a soggetti\u00a0<strong>pubblici<\/strong> ai fini della riscossione di benefici economici da parte di terzi (ad esempio la delega alla riscossione della pensione, contributi, etc.).<\/li>\n<\/ul>\n<p>&nbsp;<\/p>\n","protected":false},"excerpt":{"rendered":"La Dichiarazione Sostitutiva dell&#8217;atto di notoriet\u00e0 \u00e8 una dichiarazione personale per attestare fatti, stati e qualit\u00e0 personali, non ricompresi fra quelli previsti per l&#8217;autocertificazione, che siano a diretta conoscenza dell\u2019interessato. I fatti, gli stati e le qualit\u00e0 possono essere relativi anche ad altri soggetti, purch\u00e9 il dichiarante abbia un personale interesse a rilasciare la dichiarazione [&hellip;]","protected":false},"author":4,"featured_media":0,"parent":1055,"menu_order":3,"comment_status":"closed","ping_status":"closed","template":"","meta":{"footnotes":""},"class_list":["post-1085","page","type-page","status-publish","hentry"],"_links":{"self":[{"href":"https:\/\/ambaddisabeba.esteri.it\/it\/wp-json\/wp\/v2\/pages\/1085","targetHints":{"allow":["GET"]}}],"collection":[{"href":"https:\/\/ambaddisabeba.esteri.it\/it\/wp-json\/wp\/v2\/pages"}],"about":[{"href":"https:\/\/ambaddisabeba.esteri.it\/it\/wp-json\/wp\/v2\/types\/page"}],"author":[{"embeddable":true,"href":"https:\/\/ambaddisabeba.esteri.it\/it\/wp-json\/wp\/v2\/users\/4"}],"replies":[{"embeddable":true,"href":"https:\/\/ambaddisabeba.esteri.it\/it\/wp-json\/wp\/v2\/comments?post=1085"}],"version-history":[{"count":6,"href":"https:\/\/ambaddisabeba.esteri.it\/it\/wp-json\/wp\/v2\/pages\/1085\/revisions"}],"predecessor-version":[{"id":1133,"href":"https:\/\/ambaddisabeba.esteri.it\/it\/wp-json\/wp\/v2\/pages\/1085\/revisions\/1133"}],"up":[{"embeddable":true,"href":"https:\/\/ambaddisabeba.esteri.it\/it\/wp-json\/wp\/v2\/pages\/1055"}],"wp:attachment":[{"href":"https:\/\/ambaddisabeba.esteri.it\/it\/wp-json\/wp\/v2\/media?parent=1085"}],"curies":[{"name":"wp","href":"https:\/\/api.w.org\/{rel}","templated":true}]}}