{"id":1010,"date":"2023-10-05T14:58:29","date_gmt":"2023-10-05T11:58:29","guid":{"rendered":"https:\/\/ambaddisabeba.esteri.it\/?page_id=1010"},"modified":"2025-05-26T16:10:12","modified_gmt":"2025-05-26T13:10:12","slug":"dichiarazione-di-valore-per-titoli-di-studio","status":"publish","type":"page","link":"https:\/\/ambaddisabeba.esteri.it\/it\/servizi-consolari-e-visti\/servizi-per-il-cittadino-straniero\/dichiarazione-di-valore-per-titoli-di-studio\/","title":{"rendered":"Dichiarazione di valore per titoli di studio"},"content":{"rendered":"<p style=\"text-align: right;\"><em>(ultimo aggiornamento: 26 Maggio 2025)<\/em><\/p>\n<p>&nbsp;<\/p>\n<p><strong>La Dichiarazione di Valore (DoV)<\/strong> certifica il valore di un titolo professionale, di studio o accademico ottenuto all\u2019estero. Ha l\u2019unico scopo di descrivere il valore acquisito dal titolo di studio nel Paese di origine. Non corrisponde a un certificato di equipollenza, e non attribuisce alcun riconoscimento al Titolo in Italia, ma \u00e8 necessario per <strong>la presentazione in Italia di una domanda di Equipollenza in Italia. <\/strong><\/p>\n<p>La <strong>Dichiarazione di Valore <\/strong>pu\u00f2 essere richiesta all&#8217;Ufficio Consolare per diversi motivi:<\/p>\n<ul>\n<li>ai fini del riconoscimento in Italia degli studi conseguiti all&#8217;estero;<\/li>\n<li><a href=\"https:\/\/ambaddisabeba.esteri.it\/it\/italia-ed-etiopia\/diplomazia-culturale\/studiare-in-italia\/istruzioni-per-le-iscrizioni-universitarie\/\">ai fini del proseguimento degli studi universitari in Italia<\/a>;<\/li>\n<li>ai fini del riconoscimento professionale in Italia.<\/li>\n<\/ul>\n<p><strong>La Cancelleria consolare dell\u2019Ambasciata<\/strong>, tramite la \u201cDichiarazione di Valore\u201d, certifica i titoli di studio di scuola media superiore che consentono l\u2019ammissione ai corsi universitari in Italia.<\/p>\n<p>&nbsp;<\/p>\n<p><strong>Se si \u00e8 in possesso di un Diploma, \u00e8 necessario portare con s\u00e9 la seguente documentazione in originale<\/strong>:<\/p>\n<ul>\n<li>Passaporto<\/li>\n<li>Valutazione preliminare da parte dell&#8217;Universit\u00e0\/ Lettera di accettazione<\/li>\n<li>Idoneit\u00e0 accademica dal <a href=\"https:\/\/www.universitaly.it\/\" target=\"_blank\" rel=\"noopener\"><strong>portale UNIVERSITALY<\/strong><\/a><\/li>\n<li>Il certificato &#8220;The Ethiopian University Entrance Examination Certificate&#8221; rilasciato dall&#8217;ESSLCE &#8220;Ethiopian Secondary School Leaving Certificate Examination&#8221;. Questo certificato deve essere legalizzato dal Ministero degli Affari Esteri dell&#8217;Etiopia e tradotto in lingua italiana.<\/li>\n<\/ul>\n<p>&nbsp;<\/p>\n<p><strong>Se si \u00e8 in possesso di una laurea, \u00e8 necessario portare la seguente documentazione in originale<\/strong>:<\/p>\n<ul>\n<li>Passaporto<\/li>\n<li>Valutazione preliminare dell&#8217;universit\u00e0\/lettera di accettazione<\/li>\n<li>Idoneit\u00e0 accademica dal <a href=\"https:\/\/www.universitaly.it\/\" target=\"_blank\" rel=\"noopener\"><strong>portale UNIVERSITALY<\/strong><\/a><\/li>\n<li>Il certificato del titolo accademico<\/li>\n<li>La trascrizione<\/li>\n<li>I certificati devono essere legalizzati dal Ministero degli Affari Esteri dell&#8217;Etiopia e tradotti in lingua italiana.<\/li>\n<\/ul>\n<p>&nbsp;<\/p>\n<p>Per l&#8217;anno accademico 2025\/2026, gli studenti devono richiedere un appuntamento per il DoV esclusivamente a VFS Global, seguendo le procedure descritte al seguente link:<\/p>\n<p><a href=\"https:\/\/visa.vfsglobal.com\/eth\/en\/ita\/news\/dov-legalization-appointments\">https:\/\/visa.vfsglobal.com\/eth\/en\/ita\/news\/dov-legalization-appointments<\/a><\/p>\n<p><span style=\"color: #ff0000;\"><strong>SI RACCOMANDA AGLI STUDENTI DI <span style=\"text-decoration: underline;\">NON<\/span> PRENOTARE SULLA PIATTAFORMA ONLINE &#8221;PRENOT@MI&#8221; UN APPUNTAMENTO PER LE LEGALIZZAZIONI, IN QUANTO L&#8217;APPUNTAMENTO PER LE DICHIARAZIONI DI VALORE \u00c8 TRATTATO ESCLUSIVAMENTE\u00a0 DA VFS.<\/strong><\/span><\/p>\n<p>&nbsp;<\/p>\n<p><span style=\"color: #ff0000;\">Si prega di NON richiedere un appuntamento se non si \u00e8 gi\u00e0 in possesso dei documenti completi come da requisiti sopra riportati. Se i vostri documenti non sono conformi ai requisiti al momento della richiesta di appuntamento, dovrete inviare una nuova e-mail per richiedere un nuovo appuntamento, con il risultato che dovrete aspettare di nuovo e nel frattempo avrete creato inutili problemi a tutti gli altri studenti.<\/span><\/p>\n<p>&nbsp;<\/p>\n<p><span style=\"color: #ff0000;\">Per evitare ritardi nel processo di DoV per voi e per gli altri colleghi, assicuratevi di avere in mano i documenti completi PRIMA di inviare un&#8217;e-mail per la prenotazione dell&#8217;appuntamento.<\/span><\/p>\n<p>&nbsp;<\/p>\n<p><strong>Dichiarazione del reddito<\/strong><\/p>\n<p>Per essere valide in Italia, le dichiarazioni rilasciate dalle Autorit\u00e0 etiopi che attestano le condizioni economiche dello studente e dei suoi familiari devono essere tradotte in italiano e legalizzate da questa Ambasciata.<\/p>\n<p>Le richieste di legalizzazione della suddetta documentazione, una volta legalizzata dal Ministero degli Affari Esteri etiope e tradotta in italiano, possono essere inoltrate con la richiesta di DoV esclusivamente attraverso VFS Global, seguendo le procedure descritte al seguente link: <a href=\"https:\/\/visa.vfsglobal.com\/eth\/en\/ita\/legalization\">https:\/\/visa.vfsglobal.com\/eth\/en\/ita\/legalization<\/a><\/p>\n<p>Per gli studenti che si iscrivono agli anni accademici successivi al primo, la legalizzazione dei suddetti documenti pu\u00f2 essere richiesta utilizzando la piattaforma Prenot@mi.<\/p>\n","protected":false},"excerpt":{"rendered":"(ultimo aggiornamento: 26 Maggio 2025) &nbsp; La Dichiarazione di Valore (DoV) certifica il valore di un titolo professionale, di studio o accademico ottenuto all\u2019estero. Ha l\u2019unico scopo di descrivere il valore acquisito dal titolo di studio nel Paese di origine. Non corrisponde a un certificato di equipollenza, e non attribuisce alcun riconoscimento al Titolo in [&hellip;]","protected":false},"author":4,"featured_media":0,"parent":48,"menu_order":0,"comment_status":"closed","ping_status":"closed","template":"","meta":{"footnotes":""},"class_list":["post-1010","page","type-page","status-publish","hentry"],"_links":{"self":[{"href":"https:\/\/ambaddisabeba.esteri.it\/it\/wp-json\/wp\/v2\/pages\/1010","targetHints":{"allow":["GET"]}}],"collection":[{"href":"https:\/\/ambaddisabeba.esteri.it\/it\/wp-json\/wp\/v2\/pages"}],"about":[{"href":"https:\/\/ambaddisabeba.esteri.it\/it\/wp-json\/wp\/v2\/types\/page"}],"author":[{"embeddable":true,"href":"https:\/\/ambaddisabeba.esteri.it\/it\/wp-json\/wp\/v2\/users\/4"}],"replies":[{"embeddable":true,"href":"https:\/\/ambaddisabeba.esteri.it\/it\/wp-json\/wp\/v2\/comments?post=1010"}],"version-history":[{"count":7,"href":"https:\/\/ambaddisabeba.esteri.it\/it\/wp-json\/wp\/v2\/pages\/1010\/revisions"}],"predecessor-version":[{"id":3801,"href":"https:\/\/ambaddisabeba.esteri.it\/it\/wp-json\/wp\/v2\/pages\/1010\/revisions\/3801"}],"up":[{"embeddable":true,"href":"https:\/\/ambaddisabeba.esteri.it\/it\/wp-json\/wp\/v2\/pages\/48"}],"wp:attachment":[{"href":"https:\/\/ambaddisabeba.esteri.it\/it\/wp-json\/wp\/v2\/media?parent=1010"}],"curies":[{"name":"wp","href":"https:\/\/api.w.org\/{rel}","templated":true}]}}